{"id":2828,"date":"2024-01-20T12:32:58","date_gmt":"2024-01-20T11:32:58","guid":{"rendered":"https:\/\/vincenzodellavecchia.it\/?page_id=2828"},"modified":"2024-01-20T12:37:08","modified_gmt":"2024-01-20T11:37:08","slug":"perche-le-stelle-scintillano-e-i-pianeti-no","status":"publish","type":"page","link":"https:\/\/vincenzodellavecchia.it\/en_us\/pillole-astronomiche\/perche-le-stelle-scintillano-e-i-pianeti-no\/","title":{"rendered":"Perch\u00e8 le stelle scintillano e i pianeti no"},"content":{"rendered":"<div class=\"fusion-fullwidth fullwidth-box fusion-builder-row-1 fusion-flex-container has-pattern-background has-mask-background nonhundred-percent-fullwidth non-hundred-percent-height-scrolling\" style=\"--awb-border-radius-top-left:0px;--awb-border-radius-top-right:0px;--awb-border-radius-bottom-right:0px;--awb-border-radius-bottom-left:0px;--awb-flex-wrap:wrap;\" ><div class=\"fusion-builder-row fusion-row fusion-flex-align-items-flex-start fusion-flex-content-wrap\" style=\"max-width:1092px;margin-left: calc(-4% \/ 2 );margin-right: calc(-4% \/ 2 );\"><div class=\"fusion-layout-column fusion_builder_column fusion-builder-column-0 fusion_builder_column_1_1 1_1 fusion-flex-column\" style=\"--awb-bg-size:cover;--awb-width-large:100%;--awb-margin-top-large:0px;--awb-spacing-right-large:1.92%;--awb-margin-bottom-large:50px;--awb-spacing-left-large:1.92%;--awb-width-medium:100%;--awb-order-medium:0;--awb-spacing-right-medium:1.92%;--awb-spacing-left-medium:1.92%;--awb-width-small:100%;--awb-order-small:0;--awb-spacing-right-small:1.92%;--awb-spacing-left-small:1.92%;\"><div class=\"fusion-column-wrapper fusion-column-has-shadow fusion-flex-justify-content-flex-start fusion-content-layout-column\"><div class=\"fusion-text fusion-text-1\" style=\"--awb-text-font-family:&quot;Raleway&quot;;--awb-text-font-style:normal;--awb-text-font-weight:400;\"><p>Questa domanda non \u00e8 affatto banale, come non lo \u00e8 la risposta.<\/p>\n<p>Come tutti sanno, e come loro stessi hanno scritto nel nome (dal greco plan\u00e8tes, \u03c0\u03bb\u03b1\u03bd\u03ae\u03c4\u03b7\u03c2=vagante) i pianeti del Sistema Solare hanno come segno caratteristico il fatto di spostarsi tra le costellazioni zodiacali. Mentre le stelle e le costellazioni ricompaiono puntuali esattamente nella stessa posizione in uno stesso giorno dell\u2019anno, non cos\u00ec i dinamici pianeti, che proprio per questo loro comportamento furono sempre facilmente riconoscibili dagli antichi osservatori del cielo. Le stelle fisse sono a tal punto tali che un astronomo greco, trasportato nel nostro presente, ritroverebbe facilmente tutte le costellazioni e le stelle a lui familiari, restando perplesso solo a causa di Arturo che si \u00e8 spostata di due diametri lunari dai tempi di Ipparco.<\/p>\n<p>I pianeti hanno anche un\u2019altra peculiarit\u00e0 che li distingue dalle stelle fisse: non scintillano, cio\u00e8 la loro luce brilla immobile, o tremola appena. La luce delle stelle, invece, attraversando l\u2019atmosfera risente della turbolenza di quest\u2019ultima con le repentine variazioni di luminosit\u00e0 che tutti conosciamo, fonte di ispirazione per poeti ed artisti d\u2019ogni tempo.<\/p>\n<p>La spiegazione di tale differenza sta nelle diverse distanze di questi corpi celesti. Mentre le stelle sono sempre lontanissime, tali da essere molto al di sotto del potere risolutivo dell\u2019occhio (quelle pi\u00f9 brillanti appaiono pi\u00f9 grandi essenzialmente per effetti fisiologici) non cos\u00ec i nostri vicini di Sistema Solare, che sono talmente prossimi da non poter pi\u00f9 essere considerati puntiformi. Anche loro in realt\u00e0 scintillano come le stelle, ma la variazione di luminosit\u00e0 \u00e8 \u201cspalmata\u201d su una superficie estesa e quindi, mediamente, ecco che la loro luce ci appare ferma. Come analogia, pensiamo a una collinetta isolata in mezzo alla pianura, e ad una serie di dolci colline pi\u00f9 alte e pi\u00f9 basse della prima. Anche se la collina solitaria \u00e8 molto pi\u00f9 riconoscibile delle altre, la loro altitudine media \u00e8 la stessa.<\/p>\n<p>Talvolta, anche i pianeti possono essere visti scintillare ad occhio nudo se sono molto bassi sull\u2019orizzonte o se la turbolenza \u00e8 molto sostenuta. A causa del grande diametro angolare, decine di volte maggiore di quello di un pianeta, non c\u2019\u00e8 invece nessuna speranza di veder scintillare la Luna senza strumenti adeguati. <\/p>\n<\/div><div class=\"fusion-image-element\" style=\"text-align:center;--awb-caption-title-font-family:var(--h2_typography-font-family);--awb-caption-title-font-weight:var(--h2_typography-font-weight);--awb-caption-title-font-style:var(--h2_typography-font-style);--awb-caption-title-size:var(--h2_typography-font-size);--awb-caption-title-transform:var(--h2_typography-text-transform);--awb-caption-title-line-height:var(--h2_typography-line-height);--awb-caption-title-letter-spacing:var(--h2_typography-letter-spacing);\"><span class=\"fusion-imageframe imageframe-none imageframe-1 hover-type-none\"><img decoding=\"async\" width=\"600\" height=\"389\" src=\"https:\/\/vincenzodellavecchia.it\/wp-content\/uploads\/2024\/01\/316268221_10226750608543797_7713726275344688941_n-1.jpg\" data-orig-src=\"https:\/\/vincenzodellavecchia.it\/wp-content\/uploads\/2024\/01\/316268221_10226750608543797_7713726275344688941_n-1.jpg\" alt class=\"lazyload img-responsive wp-image-2832\" srcset=\"data:image\/svg+xml,%3Csvg%20xmlns%3D%27http%3A%2F%2Fwww.w3.org%2F2000%2Fsvg%27%20width%3D%27600%27%20height%3D%27389%27%20viewBox%3D%270%200%20600%20389%27%3E%3Crect%20width%3D%27600%27%20height%3D%27389%27%20fill-opacity%3D%220%22%2F%3E%3C%2Fsvg%3E\" data-srcset=\"https:\/\/vincenzodellavecchia.it\/wp-content\/uploads\/2024\/01\/316268221_10226750608543797_7713726275344688941_n-1-200x130.jpg 200w, https:\/\/vincenzodellavecchia.it\/wp-content\/uploads\/2024\/01\/316268221_10226750608543797_7713726275344688941_n-1-400x259.jpg 400w, https:\/\/vincenzodellavecchia.it\/wp-content\/uploads\/2024\/01\/316268221_10226750608543797_7713726275344688941_n-1.jpg 600w\" data-sizes=\"auto\" data-orig-sizes=\"(max-width: 1024px) 100vw, (max-width: 1024px) 100vw, 600px\" \/><\/span><\/div><div class=\"fusion-text fusion-text-2\" style=\"--awb-content-alignment:right;--awb-text-font-family:&quot;Raleway&quot;;--awb-text-font-style:normal;--awb-text-font-weight:400;\"><p><i>Image credit: Earthsky.org<\/i><\/p>\n<\/div><\/div><\/div><\/div><\/div>","protected":false},"excerpt":{"rendered":"","protected":false},"author":2,"featured_media":0,"parent":1347,"menu_order":0,"comment_status":"closed","ping_status":"closed","template":"","meta":{"footnotes":""},"class_list":["post-2828","page","type-page","status-publish","hentry"],"yoast_head":"<!-- This site is optimized with the Yoast SEO plugin v22.8 - https:\/\/yoast.com\/wordpress\/plugins\/seo\/ -->\n<title>Perch\u00e8 le stelle scintillano e i pianeti no - Vincenzo della Vecchia<\/title>\n<meta name=\"robots\" content=\"index, follow, max-snippet:-1, max-image-preview:large, max-video-preview:-1\" \/>\n<link rel=\"canonical\" href=\"https:\/\/vincenzodellavecchia.it\/en_us\/pillole-astronomiche\/perche-le-stelle-scintillano-e-i-pianeti-no\/\" \/>\n<meta property=\"og:locale\" content=\"en_US\" \/>\n<meta property=\"og:type\" content=\"article\" \/>\n<meta property=\"og:title\" content=\"Perch\u00e8 le stelle scintillano e i pianeti no - Vincenzo della Vecchia\" \/>\n<meta property=\"og:url\" content=\"https:\/\/vincenzodellavecchia.it\/en_us\/pillole-astronomiche\/perche-le-stelle-scintillano-e-i-pianeti-no\/\" \/>\n<meta property=\"og:site_name\" content=\"Vincenzo della Vecchia\" \/>\n<meta property=\"article:modified_time\" content=\"2024-01-20T11:37:08+00:00\" \/>\n<meta name=\"twitter:card\" content=\"summary_large_image\" \/>\n<meta name=\"twitter:label1\" content=\"Est. reading time\" \/>\n\t<meta name=\"twitter:data1\" content=\"5 minutes\" \/>\n<script type=\"application\/ld+json\" class=\"yoast-schema-graph\">{\"@context\":\"https:\/\/schema.org\",\"@graph\":[{\"@type\":\"WebPage\",\"@id\":\"https:\/\/vincenzodellavecchia.it\/pillole-astronomiche\/perche-le-stelle-scintillano-e-i-pianeti-no\/\",\"url\":\"https:\/\/vincenzodellavecchia.it\/pillole-astronomiche\/perche-le-stelle-scintillano-e-i-pianeti-no\/\",\"name\":\"Perch\u00e8 le stelle scintillano e i pianeti no - Vincenzo della Vecchia\",\"isPartOf\":{\"@id\":\"https:\/\/vincenzodellavecchia.it\/#website\"},\"datePublished\":\"2024-01-20T11:32:58+00:00\",\"dateModified\":\"2024-01-20T11:37:08+00:00\",\"breadcrumb\":{\"@id\":\"https:\/\/vincenzodellavecchia.it\/pillole-astronomiche\/perche-le-stelle-scintillano-e-i-pianeti-no\/#breadcrumb\"},\"inLanguage\":\"en-US\",\"potentialAction\":[{\"@type\":\"ReadAction\",\"target\":[\"https:\/\/vincenzodellavecchia.it\/pillole-astronomiche\/perche-le-stelle-scintillano-e-i-pianeti-no\/\"]}]},{\"@type\":\"BreadcrumbList\",\"@id\":\"https:\/\/vincenzodellavecchia.it\/pillole-astronomiche\/perche-le-stelle-scintillano-e-i-pianeti-no\/#breadcrumb\",\"itemListElement\":[{\"@type\":\"ListItem\",\"position\":1,\"name\":\"Home\",\"item\":\"https:\/\/vincenzodellavecchia.it\/\"},{\"@type\":\"ListItem\",\"position\":2,\"name\":\"Pillole astronomiche\",\"item\":\"https:\/\/vincenzodellavecchia.it\/pillole-astronomiche\/\"},{\"@type\":\"ListItem\",\"position\":3,\"name\":\"Perch\u00e8 le stelle scintillano e i pianeti no\"}]},{\"@type\":\"WebSite\",\"@id\":\"https:\/\/vincenzodellavecchia.it\/#website\",\"url\":\"https:\/\/vincenzodellavecchia.it\/\",\"name\":\"Vincenzo della Vecchia\",\"description\":\"\",\"publisher\":{\"@id\":\"https:\/\/vincenzodellavecchia.it\/#\/schema\/person\/27f35cf670d99558a8b45c9d7d5629c8\"},\"potentialAction\":[{\"@type\":\"SearchAction\",\"target\":{\"@type\":\"EntryPoint\",\"urlTemplate\":\"https:\/\/vincenzodellavecchia.it\/?s={search_term_string}\"},\"query-input\":\"required name=search_term_string\"}],\"inLanguage\":\"en-US\"},{\"@type\":[\"Person\",\"Organization\"],\"@id\":\"https:\/\/vincenzodellavecchia.it\/#\/schema\/person\/27f35cf670d99558a8b45c9d7d5629c8\",\"name\":\"vdellavecchia\",\"image\":{\"@type\":\"ImageObject\",\"inLanguage\":\"en-US\",\"@id\":\"https:\/\/vincenzodellavecchia.it\/#\/schema\/person\/image\/\",\"url\":\"https:\/\/secure.gravatar.com\/avatar\/a563fd84f36e2122ef7f0be2d8033d6c3f4ea87d4895960322b9d77bb0a34a97?s=96&d=mm&r=g\",\"contentUrl\":\"https:\/\/secure.gravatar.com\/avatar\/a563fd84f36e2122ef7f0be2d8033d6c3f4ea87d4895960322b9d77bb0a34a97?s=96&d=mm&r=g\",\"caption\":\"vdellavecchia\"},\"logo\":{\"@id\":\"https:\/\/vincenzodellavecchia.it\/#\/schema\/person\/image\/\"}}]}<\/script>\n<!-- \/ Yoast SEO plugin. -->","yoast_head_json":{"title":"Perch\u00e8 le stelle scintillano e i pianeti no - Vincenzo della Vecchia","robots":{"index":"index","follow":"follow","max-snippet":"max-snippet:-1","max-image-preview":"max-image-preview:large","max-video-preview":"max-video-preview:-1"},"canonical":"https:\/\/vincenzodellavecchia.it\/en_us\/pillole-astronomiche\/perche-le-stelle-scintillano-e-i-pianeti-no\/","og_locale":"en_US","og_type":"article","og_title":"Perch\u00e8 le stelle scintillano e i pianeti no - Vincenzo della Vecchia","og_url":"https:\/\/vincenzodellavecchia.it\/en_us\/pillole-astronomiche\/perche-le-stelle-scintillano-e-i-pianeti-no\/","og_site_name":"Vincenzo della Vecchia","article_modified_time":"2024-01-20T11:37:08+00:00","twitter_card":"summary_large_image","twitter_misc":{"Est. reading time":"5 minutes"},"schema":{"@context":"https:\/\/schema.org","@graph":[{"@type":"WebPage","@id":"https:\/\/vincenzodellavecchia.it\/pillole-astronomiche\/perche-le-stelle-scintillano-e-i-pianeti-no\/","url":"https:\/\/vincenzodellavecchia.it\/pillole-astronomiche\/perche-le-stelle-scintillano-e-i-pianeti-no\/","name":"Perch\u00e8 le stelle scintillano e i pianeti no - Vincenzo della Vecchia","isPartOf":{"@id":"https:\/\/vincenzodellavecchia.it\/#website"},"datePublished":"2024-01-20T11:32:58+00:00","dateModified":"2024-01-20T11:37:08+00:00","breadcrumb":{"@id":"https:\/\/vincenzodellavecchia.it\/pillole-astronomiche\/perche-le-stelle-scintillano-e-i-pianeti-no\/#breadcrumb"},"inLanguage":"en-US","potentialAction":[{"@type":"ReadAction","target":["https:\/\/vincenzodellavecchia.it\/pillole-astronomiche\/perche-le-stelle-scintillano-e-i-pianeti-no\/"]}]},{"@type":"BreadcrumbList","@id":"https:\/\/vincenzodellavecchia.it\/pillole-astronomiche\/perche-le-stelle-scintillano-e-i-pianeti-no\/#breadcrumb","itemListElement":[{"@type":"ListItem","position":1,"name":"Home","item":"https:\/\/vincenzodellavecchia.it\/"},{"@type":"ListItem","position":2,"name":"Pillole astronomiche","item":"https:\/\/vincenzodellavecchia.it\/pillole-astronomiche\/"},{"@type":"ListItem","position":3,"name":"Perch\u00e8 le stelle scintillano e i pianeti no"}]},{"@type":"WebSite","@id":"https:\/\/vincenzodellavecchia.it\/#website","url":"https:\/\/vincenzodellavecchia.it\/","name":"Vincenzo della Vecchia","description":"","publisher":{"@id":"https:\/\/vincenzodellavecchia.it\/#\/schema\/person\/27f35cf670d99558a8b45c9d7d5629c8"},"potentialAction":[{"@type":"SearchAction","target":{"@type":"EntryPoint","urlTemplate":"https:\/\/vincenzodellavecchia.it\/?s={search_term_string}"},"query-input":"required name=search_term_string"}],"inLanguage":"en-US"},{"@type":["Person","Organization"],"@id":"https:\/\/vincenzodellavecchia.it\/#\/schema\/person\/27f35cf670d99558a8b45c9d7d5629c8","name":"vdellavecchia","image":{"@type":"ImageObject","inLanguage":"en-US","@id":"https:\/\/vincenzodellavecchia.it\/#\/schema\/person\/image\/","url":"https:\/\/secure.gravatar.com\/avatar\/a563fd84f36e2122ef7f0be2d8033d6c3f4ea87d4895960322b9d77bb0a34a97?s=96&d=mm&r=g","contentUrl":"https:\/\/secure.gravatar.com\/avatar\/a563fd84f36e2122ef7f0be2d8033d6c3f4ea87d4895960322b9d77bb0a34a97?s=96&d=mm&r=g","caption":"vdellavecchia"},"logo":{"@id":"https:\/\/vincenzodellavecchia.it\/#\/schema\/person\/image\/"}}]}},"_links":{"self":[{"href":"https:\/\/vincenzodellavecchia.it\/en_us\/wp-json\/wp\/v2\/pages\/2828","targetHints":{"allow":["GET"]}}],"collection":[{"href":"https:\/\/vincenzodellavecchia.it\/en_us\/wp-json\/wp\/v2\/pages"}],"about":[{"href":"https:\/\/vincenzodellavecchia.it\/en_us\/wp-json\/wp\/v2\/types\/page"}],"author":[{"embeddable":true,"href":"https:\/\/vincenzodellavecchia.it\/en_us\/wp-json\/wp\/v2\/users\/2"}],"replies":[{"embeddable":true,"href":"https:\/\/vincenzodellavecchia.it\/en_us\/wp-json\/wp\/v2\/comments?post=2828"}],"version-history":[{"count":7,"href":"https:\/\/vincenzodellavecchia.it\/en_us\/wp-json\/wp\/v2\/pages\/2828\/revisions"}],"predecessor-version":[{"id":2836,"href":"https:\/\/vincenzodellavecchia.it\/en_us\/wp-json\/wp\/v2\/pages\/2828\/revisions\/2836"}],"up":[{"embeddable":true,"href":"https:\/\/vincenzodellavecchia.it\/en_us\/wp-json\/wp\/v2\/pages\/1347"}],"wp:attachment":[{"href":"https:\/\/vincenzodellavecchia.it\/en_us\/wp-json\/wp\/v2\/media?parent=2828"}],"curies":[{"name":"wp","href":"https:\/\/api.w.org\/{rel}","templated":true}]}}