{"id":2848,"date":"2024-01-20T16:27:55","date_gmt":"2024-01-20T15:27:55","guid":{"rendered":"https:\/\/vincenzodellavecchia.it\/?page_id=2848"},"modified":"2024-04-26T08:05:23","modified_gmt":"2024-04-26T06:05:23","slug":"lorsa-maggiore-e-i-suoi-miti","status":"publish","type":"page","link":"https:\/\/vincenzodellavecchia.it\/en_us\/pillole-astronomiche\/lorsa-maggiore-e-i-suoi-miti\/","title":{"rendered":"L&#8217;Orsa Maggiore e i suoi miti"},"content":{"rendered":"<div class=\"fusion-fullwidth fullwidth-box fusion-builder-row-1 fusion-flex-container has-pattern-background has-mask-background nonhundred-percent-fullwidth non-hundred-percent-height-scrolling\" style=\"--awb-border-radius-top-left:0px;--awb-border-radius-top-right:0px;--awb-border-radius-bottom-right:0px;--awb-border-radius-bottom-left:0px;--awb-flex-wrap:wrap;\" ><div class=\"fusion-builder-row fusion-row fusion-flex-align-items-flex-start fusion-flex-content-wrap\" style=\"max-width:1092px;margin-left: calc(-4% \/ 2 );margin-right: calc(-4% \/ 2 );\"><div class=\"fusion-layout-column fusion_builder_column fusion-builder-column-0 fusion_builder_column_1_1 1_1 fusion-flex-column\" style=\"--awb-bg-size:cover;--awb-width-large:100%;--awb-margin-top-large:0px;--awb-spacing-right-large:1.92%;--awb-margin-bottom-large:50px;--awb-spacing-left-large:1.92%;--awb-width-medium:100%;--awb-order-medium:0;--awb-spacing-right-medium:1.92%;--awb-spacing-left-medium:1.92%;--awb-width-small:100%;--awb-order-small:0;--awb-spacing-right-small:1.92%;--awb-spacing-left-small:1.92%;\"><div class=\"fusion-column-wrapper fusion-column-has-shadow fusion-flex-justify-content-flex-start fusion-content-layout-column\"><div class=\"fusion-text fusion-text-1\" style=\"--awb-text-font-family:&quot;Raleway&quot;;--awb-text-font-style:normal;--awb-text-font-weight:400;\"><p>Tutti conoscono, di nome se non nel cielo, la costellazione dell&#8217;Orsa Maggiore o Gran Carro, le cui sette brillanti stelle principali formano un raggruppamento inconfondibile intorno al polo Nord.<\/p>\n<p>Ritroviamo quindi l&#8217;Orsa nei miti di molte civit\u00e0 antiche, che sono tutti molto interessanti anche se, com&#8217;\u00e8 ovvio, piuttosto divergenti tra popolazioni vissute in tempi e luoghi molto diversi.<\/p>\n<p>Il pi\u00f9 bello \u00e8 probabilmente quello greco, ripreso ed abbellito poi da Ovidio nelle <i>Metamorfosi<\/i>, secondo il quale l&#8217;Orsa era la bellissima ninfa Callisto, del corteo di Diana. Giove, non nuovo a queste cose, se ne innamor\u00f2 a prima vista e la sedusse, suscitando le ire di Giunone. Appena si accorse del tradimento e della gravidanza della ragazza, la dea decise di punirla con esemplare crudelt\u00e0. Infatti, Callisto fu trasformata in una terribile orsa, alla cui vista quelli che una volta erano stuoli di ammiratori si tramutavano in orde di fuggiaschi.  Suo figlio Arcas (o Arcade), crebbe per\u00f2 avvenente e prestante, diventando un cacciatore valentissimo. Il destino volle che, dopo quindici anni di solitari vagabondaggi per i boschi, Callisto si trovasse di fronte proprio suo figlio, che ovviamente non la riconobbe e l&#8217;avrebbe certamente uccisa se Giove non avesse tempestivamente posto entrambi in cielo. Le due costellazioni com&#8217;\u00e8 giusto sono vicine. Arcas adesso \u00e8 Arturo (i due nomi derivano probabilmente dal greco <i>\u00e0rktos<\/i>, che vuol dire orso e da cui deriva anche &#8220;artico&#8221;), nel Boote, e fa da guardiano alla sventurata madre nel suo eterno girare intorno al Polo. Alle nostre latitudini, l&#8217;Orsa Maggiore \u00e8 circumpolare e quindi non tramonta mai; questo affinch\u00e8, ricorda Omero, si avveri la volont\u00e0 di Giunone, che voleva non si bagnasse mai nel mare. Secondo altre versioni, Arcas sarebbe invece stato trasformato nell&#8217;altra Orsa, quella Minore. I Romani vedevano nelle sette stelle del Gran Carro sette buoi (in latino <i>septem triones)<\/i> che, attaccati al giogo, girano in tondo per arare un campo. Da qui il nostro termine &#8220;settentrione&#8221; per indicare il Nord.<\/p>\n<p>La visione degli Arabi era invece alquanto pi\u00f9 tetra. Secondo essi infatti quattro delle stelle del Gran Carro costituivano una bara, e le tre stelle del timone il corteo funebre al seguito. Il grande astronomo di origini persiane Al-Sufi (vissuto nel decimo secolo dopo Cristo) racconta che la stella centrale del timone, Mizar, serviva da test per la vista dei fanciulli. Infatti, questa stella \u00e8 una doppia, abbastanza sbilanciata ma piuttosto larga (12 primi d&#8217;arco). Se qualche lettore trova questa doppia troppo facile, pu\u00f2 cimentarsi prima con theta Tauri e infine con la difficilissima Epsilon Lirae. <\/p>\n<p>Le stelle Alfa e Beta della Grande Orsa, prolungate di circa 5 volte, aiutano a trovare la stella Polare e per questo sono popolarmente conosciute come &#8220;puntatori&#8221;. Le ultime due stelle del timone (Benetnasch e Mizar) puntano invece verso la rossa Arturo. Questa stella possiede un enorme moto proprio, e in soli duemila anni si \u00e8 spostata di 1 grado apparente. Quindi, se un astronomo dell&#8217;antica Grecia, Caldeo o egiziano venisse trasportato nell&#8217;\u00e8ra moderna, riconoscerebbe facilmente tutte le costellazioni a lui familiari, ma resterebbe assai perplesso da Arturo, spostatosi di due diametri lunari.<\/p>\n<p>La luce di Arturo, negli anni &#8217;30 del secolo scorso, fu usata in America come dimostrazione del progresso scientifico. Opportunamente focalizzata su una fotocellula, venne usata per azionare un interruttore che a sua volta alimentava le luci di una Fiera.<\/p>\n<p>Diversamente dalla vicina Orsa Minore che ne \u00e8 piuttosto priva, nei confini dell&#8217;Orsa maggiore si trova un nutrito elenco di oggetti interessanti per gli amanti del deep sky. La magnifica coppia di Galassie M81\/M82 \u00e8 uno degli esempi pi\u00f9 noti. Esperti visualisti raccontano che in cieli davvero perfetti (Bortle 1) M81 si renda visibile ad occhio nudo, anche se \u00e8 ancora pi\u00f9 difficile di M33 nel Triangolo.<\/p>\n<\/div><div class=\"fusion-text fusion-text-2\" style=\"--awb-content-alignment:right;--awb-text-font-family:&quot;Raleway&quot;;--awb-text-font-style:normal;--awb-text-font-weight:400;\"><\/div><\/div><\/div><\/div><\/div>","protected":false},"excerpt":{"rendered":"","protected":false},"author":2,"featured_media":0,"parent":1347,"menu_order":0,"comment_status":"closed","ping_status":"closed","template":"","meta":{"footnotes":""},"class_list":["post-2848","page","type-page","status-publish","hentry"],"yoast_head":"<!-- This site is optimized with the Yoast SEO plugin v22.8 - https:\/\/yoast.com\/wordpress\/plugins\/seo\/ -->\n<title>L&#039;Orsa Maggiore e i suoi miti - Vincenzo della Vecchia<\/title>\n<meta name=\"robots\" content=\"index, follow, max-snippet:-1, max-image-preview:large, max-video-preview:-1\" \/>\n<link rel=\"canonical\" href=\"https:\/\/vincenzodellavecchia.it\/en_us\/pillole-astronomiche\/lorsa-maggiore-e-i-suoi-miti\/\" \/>\n<meta property=\"og:locale\" content=\"en_US\" \/>\n<meta property=\"og:type\" content=\"article\" \/>\n<meta property=\"og:title\" content=\"L&#039;Orsa Maggiore e i suoi miti - Vincenzo della Vecchia\" \/>\n<meta property=\"og:url\" content=\"https:\/\/vincenzodellavecchia.it\/en_us\/pillole-astronomiche\/lorsa-maggiore-e-i-suoi-miti\/\" \/>\n<meta property=\"og:site_name\" content=\"Vincenzo della Vecchia\" \/>\n<meta property=\"article:modified_time\" content=\"2024-04-26T06:05:23+00:00\" \/>\n<meta name=\"twitter:card\" content=\"summary_large_image\" \/>\n<meta name=\"twitter:label1\" content=\"Est. reading time\" \/>\n\t<meta name=\"twitter:data1\" content=\"6 minutes\" \/>\n<script type=\"application\/ld+json\" class=\"yoast-schema-graph\">{\"@context\":\"https:\/\/schema.org\",\"@graph\":[{\"@type\":\"WebPage\",\"@id\":\"https:\/\/vincenzodellavecchia.it\/pillole-astronomiche\/lorsa-maggiore-e-i-suoi-miti\/\",\"url\":\"https:\/\/vincenzodellavecchia.it\/pillole-astronomiche\/lorsa-maggiore-e-i-suoi-miti\/\",\"name\":\"L'Orsa Maggiore e i suoi miti - Vincenzo della Vecchia\",\"isPartOf\":{\"@id\":\"https:\/\/vincenzodellavecchia.it\/#website\"},\"datePublished\":\"2024-01-20T15:27:55+00:00\",\"dateModified\":\"2024-04-26T06:05:23+00:00\",\"breadcrumb\":{\"@id\":\"https:\/\/vincenzodellavecchia.it\/pillole-astronomiche\/lorsa-maggiore-e-i-suoi-miti\/#breadcrumb\"},\"inLanguage\":\"en-US\",\"potentialAction\":[{\"@type\":\"ReadAction\",\"target\":[\"https:\/\/vincenzodellavecchia.it\/pillole-astronomiche\/lorsa-maggiore-e-i-suoi-miti\/\"]}]},{\"@type\":\"BreadcrumbList\",\"@id\":\"https:\/\/vincenzodellavecchia.it\/pillole-astronomiche\/lorsa-maggiore-e-i-suoi-miti\/#breadcrumb\",\"itemListElement\":[{\"@type\":\"ListItem\",\"position\":1,\"name\":\"Home\",\"item\":\"https:\/\/vincenzodellavecchia.it\/\"},{\"@type\":\"ListItem\",\"position\":2,\"name\":\"Pillole astronomiche\",\"item\":\"https:\/\/vincenzodellavecchia.it\/pillole-astronomiche\/\"},{\"@type\":\"ListItem\",\"position\":3,\"name\":\"L&#8217;Orsa Maggiore e i suoi miti\"}]},{\"@type\":\"WebSite\",\"@id\":\"https:\/\/vincenzodellavecchia.it\/#website\",\"url\":\"https:\/\/vincenzodellavecchia.it\/\",\"name\":\"Vincenzo della Vecchia\",\"description\":\"\",\"publisher\":{\"@id\":\"https:\/\/vincenzodellavecchia.it\/#\/schema\/person\/27f35cf670d99558a8b45c9d7d5629c8\"},\"potentialAction\":[{\"@type\":\"SearchAction\",\"target\":{\"@type\":\"EntryPoint\",\"urlTemplate\":\"https:\/\/vincenzodellavecchia.it\/?s={search_term_string}\"},\"query-input\":\"required name=search_term_string\"}],\"inLanguage\":\"en-US\"},{\"@type\":[\"Person\",\"Organization\"],\"@id\":\"https:\/\/vincenzodellavecchia.it\/#\/schema\/person\/27f35cf670d99558a8b45c9d7d5629c8\",\"name\":\"vdellavecchia\",\"image\":{\"@type\":\"ImageObject\",\"inLanguage\":\"en-US\",\"@id\":\"https:\/\/vincenzodellavecchia.it\/#\/schema\/person\/image\/\",\"url\":\"https:\/\/secure.gravatar.com\/avatar\/a563fd84f36e2122ef7f0be2d8033d6c3f4ea87d4895960322b9d77bb0a34a97?s=96&d=mm&r=g\",\"contentUrl\":\"https:\/\/secure.gravatar.com\/avatar\/a563fd84f36e2122ef7f0be2d8033d6c3f4ea87d4895960322b9d77bb0a34a97?s=96&d=mm&r=g\",\"caption\":\"vdellavecchia\"},\"logo\":{\"@id\":\"https:\/\/vincenzodellavecchia.it\/#\/schema\/person\/image\/\"}}]}<\/script>\n<!-- \/ Yoast SEO plugin. -->","yoast_head_json":{"title":"L'Orsa Maggiore e i suoi miti - Vincenzo della Vecchia","robots":{"index":"index","follow":"follow","max-snippet":"max-snippet:-1","max-image-preview":"max-image-preview:large","max-video-preview":"max-video-preview:-1"},"canonical":"https:\/\/vincenzodellavecchia.it\/en_us\/pillole-astronomiche\/lorsa-maggiore-e-i-suoi-miti\/","og_locale":"en_US","og_type":"article","og_title":"L'Orsa Maggiore e i suoi miti - Vincenzo della Vecchia","og_url":"https:\/\/vincenzodellavecchia.it\/en_us\/pillole-astronomiche\/lorsa-maggiore-e-i-suoi-miti\/","og_site_name":"Vincenzo della Vecchia","article_modified_time":"2024-04-26T06:05:23+00:00","twitter_card":"summary_large_image","twitter_misc":{"Est. reading time":"6 minutes"},"schema":{"@context":"https:\/\/schema.org","@graph":[{"@type":"WebPage","@id":"https:\/\/vincenzodellavecchia.it\/pillole-astronomiche\/lorsa-maggiore-e-i-suoi-miti\/","url":"https:\/\/vincenzodellavecchia.it\/pillole-astronomiche\/lorsa-maggiore-e-i-suoi-miti\/","name":"L'Orsa Maggiore e i suoi miti - Vincenzo della Vecchia","isPartOf":{"@id":"https:\/\/vincenzodellavecchia.it\/#website"},"datePublished":"2024-01-20T15:27:55+00:00","dateModified":"2024-04-26T06:05:23+00:00","breadcrumb":{"@id":"https:\/\/vincenzodellavecchia.it\/pillole-astronomiche\/lorsa-maggiore-e-i-suoi-miti\/#breadcrumb"},"inLanguage":"en-US","potentialAction":[{"@type":"ReadAction","target":["https:\/\/vincenzodellavecchia.it\/pillole-astronomiche\/lorsa-maggiore-e-i-suoi-miti\/"]}]},{"@type":"BreadcrumbList","@id":"https:\/\/vincenzodellavecchia.it\/pillole-astronomiche\/lorsa-maggiore-e-i-suoi-miti\/#breadcrumb","itemListElement":[{"@type":"ListItem","position":1,"name":"Home","item":"https:\/\/vincenzodellavecchia.it\/"},{"@type":"ListItem","position":2,"name":"Pillole astronomiche","item":"https:\/\/vincenzodellavecchia.it\/pillole-astronomiche\/"},{"@type":"ListItem","position":3,"name":"L&#8217;Orsa Maggiore e i suoi miti"}]},{"@type":"WebSite","@id":"https:\/\/vincenzodellavecchia.it\/#website","url":"https:\/\/vincenzodellavecchia.it\/","name":"Vincenzo della Vecchia","description":"","publisher":{"@id":"https:\/\/vincenzodellavecchia.it\/#\/schema\/person\/27f35cf670d99558a8b45c9d7d5629c8"},"potentialAction":[{"@type":"SearchAction","target":{"@type":"EntryPoint","urlTemplate":"https:\/\/vincenzodellavecchia.it\/?s={search_term_string}"},"query-input":"required name=search_term_string"}],"inLanguage":"en-US"},{"@type":["Person","Organization"],"@id":"https:\/\/vincenzodellavecchia.it\/#\/schema\/person\/27f35cf670d99558a8b45c9d7d5629c8","name":"vdellavecchia","image":{"@type":"ImageObject","inLanguage":"en-US","@id":"https:\/\/vincenzodellavecchia.it\/#\/schema\/person\/image\/","url":"https:\/\/secure.gravatar.com\/avatar\/a563fd84f36e2122ef7f0be2d8033d6c3f4ea87d4895960322b9d77bb0a34a97?s=96&d=mm&r=g","contentUrl":"https:\/\/secure.gravatar.com\/avatar\/a563fd84f36e2122ef7f0be2d8033d6c3f4ea87d4895960322b9d77bb0a34a97?s=96&d=mm&r=g","caption":"vdellavecchia"},"logo":{"@id":"https:\/\/vincenzodellavecchia.it\/#\/schema\/person\/image\/"}}]}},"_links":{"self":[{"href":"https:\/\/vincenzodellavecchia.it\/en_us\/wp-json\/wp\/v2\/pages\/2848","targetHints":{"allow":["GET"]}}],"collection":[{"href":"https:\/\/vincenzodellavecchia.it\/en_us\/wp-json\/wp\/v2\/pages"}],"about":[{"href":"https:\/\/vincenzodellavecchia.it\/en_us\/wp-json\/wp\/v2\/types\/page"}],"author":[{"embeddable":true,"href":"https:\/\/vincenzodellavecchia.it\/en_us\/wp-json\/wp\/v2\/users\/2"}],"replies":[{"embeddable":true,"href":"https:\/\/vincenzodellavecchia.it\/en_us\/wp-json\/wp\/v2\/comments?post=2848"}],"version-history":[{"count":12,"href":"https:\/\/vincenzodellavecchia.it\/en_us\/wp-json\/wp\/v2\/pages\/2848\/revisions"}],"predecessor-version":[{"id":3740,"href":"https:\/\/vincenzodellavecchia.it\/en_us\/wp-json\/wp\/v2\/pages\/2848\/revisions\/3740"}],"up":[{"embeddable":true,"href":"https:\/\/vincenzodellavecchia.it\/en_us\/wp-json\/wp\/v2\/pages\/1347"}],"wp:attachment":[{"href":"https:\/\/vincenzodellavecchia.it\/en_us\/wp-json\/wp\/v2\/media?parent=2848"}],"curies":[{"name":"wp","href":"https:\/\/api.w.org\/{rel}","templated":true}]}}