{"id":3136,"date":"2024-01-26T14:27:23","date_gmt":"2024-01-26T13:27:23","guid":{"rendered":"https:\/\/vincenzodellavecchia.it\/?page_id=3136"},"modified":"2024-04-26T07:48:48","modified_gmt":"2024-04-26T05:48:48","slug":"tycho-brahe","status":"publish","type":"page","link":"https:\/\/vincenzodellavecchia.it\/en_us\/pillole-astronomiche\/tycho-brahe\/","title":{"rendered":"Tycho Brahe vita"},"content":{"rendered":"<div class=\"fusion-fullwidth fullwidth-box fusion-builder-row-1 fusion-flex-container has-pattern-background has-mask-background nonhundred-percent-fullwidth non-hundred-percent-height-scrolling\" style=\"--awb-border-radius-top-left:0px;--awb-border-radius-top-right:0px;--awb-border-radius-bottom-right:0px;--awb-border-radius-bottom-left:0px;--awb-flex-wrap:wrap;\" ><div class=\"fusion-builder-row fusion-row fusion-flex-align-items-flex-start fusion-flex-content-wrap\" style=\"max-width:1092px;margin-left: calc(-4% \/ 2 );margin-right: calc(-4% \/ 2 );\"><div class=\"fusion-layout-column fusion_builder_column fusion-builder-column-0 fusion_builder_column_1_1 1_1 fusion-flex-column\" style=\"--awb-bg-size:cover;--awb-width-large:100%;--awb-margin-top-large:0px;--awb-spacing-right-large:1.92%;--awb-margin-bottom-large:50px;--awb-spacing-left-large:1.92%;--awb-width-medium:100%;--awb-order-medium:0;--awb-spacing-right-medium:1.92%;--awb-spacing-left-medium:1.92%;--awb-width-small:100%;--awb-order-small:0;--awb-spacing-right-small:1.92%;--awb-spacing-left-small:1.92%;\"><div class=\"fusion-column-wrapper fusion-column-has-shadow fusion-flex-justify-content-flex-start fusion-content-layout-column\"><div class=\"fusion-image-element awb-imageframe-style awb-imageframe-style-below awb-imageframe-style-1\" style=\"text-align:right;--awb-caption-title-font-family:&quot;Raleway&quot;;--awb-caption-title-font-weight:200;--awb-caption-title-font-style:normal;--awb-caption-title-size:var(--h4_typography-font-size);--awb-caption-title-transform:var(--h4_typography-text-transform);--awb-caption-title-line-height:var(--h4_typography-line-height);--awb-caption-title-letter-spacing:var(--h4_typography-letter-spacing);\"><span class=\"fusion-imageframe imageframe-none imageframe-1 hover-type-none\"><img decoding=\"async\" width=\"203\" height=\"300\" title=\"Uno dei numerosi ritratti di Tycho Brahe\" src=\"https:\/\/vincenzodellavecchia.it\/wp-content\/uploads\/2024\/01\/portrait-of-tycho-brahe-european-school.jpg\" data-orig-src=\"https:\/\/vincenzodellavecchia.it\/wp-content\/uploads\/2024\/01\/portrait-of-tycho-brahe-european-school-203x300.jpg\" alt class=\"lazyload img-responsive wp-image-3150\" srcset=\"data:image\/svg+xml,%3Csvg%20xmlns%3D%27http%3A%2F%2Fwww.w3.org%2F2000%2Fsvg%27%20width%3D%27609%27%20height%3D%27900%27%20viewBox%3D%270%200%20609%20900%27%3E%3Crect%20width%3D%27609%27%20height%3D%27900%27%20fill-opacity%3D%220%22%2F%3E%3C%2Fsvg%3E\" data-srcset=\"https:\/\/vincenzodellavecchia.it\/wp-content\/uploads\/2024\/01\/portrait-of-tycho-brahe-european-school-200x296.jpg 200w, https:\/\/vincenzodellavecchia.it\/wp-content\/uploads\/2024\/01\/portrait-of-tycho-brahe-european-school-400x591.jpg 400w, https:\/\/vincenzodellavecchia.it\/wp-content\/uploads\/2024\/01\/portrait-of-tycho-brahe-european-school-600x887.jpg 600w, https:\/\/vincenzodellavecchia.it\/wp-content\/uploads\/2024\/01\/portrait-of-tycho-brahe-european-school.jpg 609w\" data-sizes=\"auto\" data-orig-sizes=\"(max-width: 1024px) 100vw, (max-width: 1024px) 100vw, 203px\" \/><\/span><div class=\"awb-imageframe-caption-container\"><div class=\"awb-imageframe-caption\"><h4 class=\"awb-imageframe-caption-title\">Uno dei numerosi ritratti di Tycho Brahe<\/h4><\/div><\/div><\/div><\/div><\/div><div class=\"fusion-layout-column fusion_builder_column fusion-builder-column-1 fusion_builder_column_1_1 1_1 fusion-flex-column\" style=\"--awb-bg-size:cover;--awb-width-large:100%;--awb-margin-top-large:0px;--awb-spacing-right-large:1.92%;--awb-margin-bottom-large:50px;--awb-spacing-left-large:1.92%;--awb-width-medium:100%;--awb-order-medium:0;--awb-spacing-right-medium:1.92%;--awb-spacing-left-medium:1.92%;--awb-width-small:100%;--awb-order-small:0;--awb-spacing-right-small:1.92%;--awb-spacing-left-small:1.92%;\"><div class=\"fusion-column-wrapper fusion-column-has-shadow fusion-flex-justify-content-flex-start fusion-content-layout-column\"><div class=\"fusion-text fusion-text-1\" style=\"--awb-text-font-family:&quot;Raleway&quot;;--awb-text-font-style:normal;--awb-text-font-weight:400;\"><p>Se vi dicessi che andava in giro con un alce alcolizzato, che lo seguiva come un cagnolino e partecipava attivamente alle colossali bevute da lui organizzate, o che perse la punta del naso in un duello con il cugino (certamente entrambi ubriachi), probabilmente pensereste a una persona quantomeno eccentrica, se non addirittura con qualche rotella fuori posto. Sicuramente <b>Tyge Ottensen Brahe<\/b> (1546-1601) queste cose lo era, almeno in parte. Fu per\u00f2 anche una persona, a modo suo, di cuore, oltre a restare in buoni rapporti con il suddetto cugino spos\u00f2 infatti (lui ricchissimo e di famiglia aristocratica) una comune cittadina, in un\u2019epoca in cui questo voleva dire la perdita di ogni diritto sull\u2019eredit\u00e0 per la moglie e i figli. Soprattutto, per noi, Brahe fu probabilmente il pi\u00f9 grande astronomo osservativo prima del telescopio, invenzione che non riusc\u00ec a vedere a causa di una prematura morte ben intonata alla sua vita.<\/p>\n<p>L&#8217; avventurosa storia di Tyge cominci\u00f2 a due anni, quando fu rapito da uno zio il quale, privo di figli, voleva assicurarsi un erede per le sue notevoli sostanze. I veri genitori, a quanto ne sappiamo, non protestarono pi\u00f9 di tanto, ed il ragazzo fu avviato dalla zia alla carriera accademica. Studi\u00f2 bene, e a circa 15 anni l\u2019osservazione di una eclisse solare parziale a Copenhagen lo convert\u00ec quasi totalmente all\u2019astronomia. In questa vocazione trov\u00f2 presto la sua strada. Osserv\u00f2 che una congiunzione di Giove e Saturno era predetta con oltre un mese di errore dalle effemeridi di Tolomeo e di Copernico, e decise di compiere misurazioni il pi\u00f9 possibile accurate (di astrometria, diremmo oggi) per migliorare le previsioni degli eventi astronomici. Questo obiettivo rimase un punto fermo nella sua vita di scienziato, e gli consent\u00ec di raggiungere la precisione media di circa un primo d\u2019arco (talvolta mezzo primo), pari a un trentesimo di Luna piena e molte volte migliore di quanto riuscirono a fare gli astronomi prima di lui.<\/p>\n<p>Per raggiungere questi risultati Tycho modific\u00f2 alcuni tra gli strumenti in uso all\u2019epoca, inventandone anche di nuovi. Ebbe bisogno, in particolare, di enormi orologi, che non gli riusc\u00ec mai di tenere perfettamente sincronizzati. Grazie all\u2019amicizia del Re Federico II allest\u00ec quello che oggi si chiamerebbe un vero e proprio centro di ricerca: <i>Uraniborg <\/i>(\u201cil castello di Urania\u201d, la Musa dell\u2019astronomia). Il Re gli fece infatti dono dell\u2019isoletta di Hven, dove Tycho allest\u00ec il suo osservatorio aiutato da qualche decina di assistenti, accumulando quasi vent\u2019anni di precisissime e preziosissime osservazioni. L\u2019isoletta era piuttosto ventosa, scuotendo gli strumenti e compromettendo la precisione richiesta dall\u2019elevato standard di Brahe. Cos\u00ec, egli pens\u00f2 di costruire un osservatorio pi\u00f9 piccolo sotto il livello del terreno, detto <i>Stjerneborg<\/i> (\u201cil castello delle stelle\u201d), che \u00e8 tuttora visitabile, mentre Uraniborg, disgraziatamente, \u00e8 andato distrutto.<\/p>\n<p>La qualit\u00e0 delle sue osservazioni permise a Brahe di far compiere sostanziali passi avanti alla scienza astromomica gi\u00e0 durante la propria vita, e gli merit\u00f2 un\u2019ampia fama presso i contemporanei. Osservando la cometa del 1577, e calcolandone la distanza tramite la parallasse, Tycho trov\u00f2 che il suo veloce spostamento l\u2019avrebbe portata ad attraversare le sfere cristalline a cui si pensava i pianeti fossero attaccati. Quindi, o le sfere non esistevano, oppure si doveva ammettere che un corpo celeste poteva infrangerle. Visto che sembrava assurdo pensare a delle sfere frangibili, Tycho scelse la prima strada, ma era insoddisfatto del sistema di Copernico: sia perch\u00e9 riteneva la Terra troppo pesante per muoversi nello spazio, sia perch\u00e9 non riusciva a misurare alcuna parallasse delle stelle fisse. Ide\u00f2 allora il terzo sistema del mondo, con la Terra al centro dell\u2019universo, e la Luna, il Sole e le stelle fisse in orbita intorno al nostro pianeta (solo queste ultime attaccate alla loro sfera cristallina), mentre i pianeti girano intorno al Sole. Questo sistema, diversamente da quello di Copernico, ebbe le simpatie della Chiesa, perch\u00e9 non scalzava l\u2019uomo dal centro del Creato.<\/p>\n<p>Durante il soggiorno ad Uraniborg, la vita di Tycho non fu priva di stravaganze. Tra queste, l&#8217;alce di cui abbiamo parlato all&#8217;inizio il quale, probabilmente non molto sobrio, cadde dalle scale del castello morendo poco dopo.<\/p>\n<p>Dopo il ventennio di Uraniborg e l\u2019avvento del nuovo Re, a Tycho vennero meno le sovvenzioni, come oggi diremmo, perch\u00e9 il nuovo re Rodolfo II aveva molte meno simpatie per lui del precedente. Rodolfo lo invit\u00f2 tuttavia a Praga per tenergli degli oroscopi. Tycho, come in parte tutti gli uomini, era figlio del suo tempo ed accett\u00f2, associandosi un giovane e promettente matematico, Johannes Kepler. Keplero era soprattutto un teorico, piuttosto che un osservatore, e divent\u00f2 quasi matto perch\u00e9 non riusciva a conciliare le misure di Tycho con la posizione di Marte, il quale era sempre qualche primo d\u2019arco pi\u00f9 in qua o in l\u00e0 di quanto dicevano le sue effemeridi. Keplero aveva fede incrollabile nelle osservazioni di Brahe, sicch\u00e9 piuttosto che metterne in dubbio la precisione, prefer\u00ec abbandonare l\u2019ipotesi di orbite circolari, sempre data per scontata da almeno duemila anni. Con un procedimento rimasto classico di triangolazione, del quale non c\u2019\u00e8 spazio per parlare qui, Keplero determin\u00f2 cos\u00ec l\u2019orbita di Marte per punti, scoprendo che era una marcata ellisse e non una circonferenza. Riconcili\u00f2 cos\u00ec finalmente la teoria con le osservazioni, ed enunci\u00f2 la sua celebre prima legge sui moti planetari.<\/p>\n<\/div><div class=\"fusion-image-element awb-imageframe-style awb-imageframe-style-below awb-imageframe-style-2\" style=\"text-align:center;--awb-caption-title-font-family:&quot;Raleway&quot;;--awb-caption-title-font-weight:200;--awb-caption-title-font-style:normal;--awb-caption-title-size:var(--h4_typography-font-size);--awb-caption-title-transform:var(--h4_typography-text-transform);--awb-caption-title-line-height:var(--h4_typography-line-height);--awb-caption-title-letter-spacing:var(--h4_typography-letter-spacing);\"><span class=\"fusion-imageframe imageframe-none imageframe-2 hover-type-none\"><a class=\"fusion-no-lightbox\" href=\"https:\/\/vincenzodellavecchia.it\/wp-content\/uploads\/2024\/01\/Uraniborg-4.jpg\" target=\"_self\" aria-label=\"Una pianta di Uraniborg\"><img decoding=\"async\" width=\"300\" height=\"246\" src=\"https:\/\/vincenzodellavecchia.it\/wp-content\/uploads\/2024\/01\/Uraniborg-4.jpg\" data-orig-src=\"https:\/\/vincenzodellavecchia.it\/wp-content\/uploads\/2024\/01\/Uraniborg-4-300x246.jpg\" alt class=\"lazyload img-responsive wp-image-3144\" srcset=\"data:image\/svg+xml,%3Csvg%20xmlns%3D%27http%3A%2F%2Fwww.w3.org%2F2000%2Fsvg%27%20width%3D%271000%27%20height%3D%27821%27%20viewBox%3D%270%200%201000%20821%27%3E%3Crect%20width%3D%271000%27%20height%3D%27821%27%20fill-opacity%3D%220%22%2F%3E%3C%2Fsvg%3E\" data-srcset=\"https:\/\/vincenzodellavecchia.it\/wp-content\/uploads\/2024\/01\/Uraniborg-4-200x164.jpg 200w, https:\/\/vincenzodellavecchia.it\/wp-content\/uploads\/2024\/01\/Uraniborg-4-400x328.jpg 400w, https:\/\/vincenzodellavecchia.it\/wp-content\/uploads\/2024\/01\/Uraniborg-4-600x493.jpg 600w, https:\/\/vincenzodellavecchia.it\/wp-content\/uploads\/2024\/01\/Uraniborg-4-800x657.jpg 800w, https:\/\/vincenzodellavecchia.it\/wp-content\/uploads\/2024\/01\/Uraniborg-4.jpg 1000w\" data-sizes=\"auto\" data-orig-sizes=\"(max-width: 1024px) 100vw, (max-width: 1024px) 100vw, 300px\" \/><\/a><\/span><div class=\"awb-imageframe-caption-container\" style=\"text-align:center;\"><div class=\"awb-imageframe-caption\"><h4 class=\"awb-imageframe-caption-title\">Una pianta di Uraniborg<\/h4><\/div><\/div><\/div><div class=\"fusion-text fusion-text-2\" style=\"--awb-text-font-family:&quot;Raleway&quot;;--awb-text-font-style:normal;--awb-text-font-weight:400;\"><p>I rapporti tra Tycho e Keplero non furono sempre cordiali, anche perch\u00e9, a quanto pare, Tycho non voleva che le sue osservazioni finissero per giustificare un sistema non geocentrico, come poi avvenne. Ma, per fortuna, il tempo ha dissolto queste umane rivalit\u00e0, e, sulla Luna, uno dei raggi del brillante cratere che porta il nome di Tycho si estende per migliaia di km, fino a congiungersi con il cratere dedicato a Keplero.<\/p>\n<p>Tyge era morto a soli 54 anni. Si dice avesse bevuto troppo, senza alzarsi da tavola per non sembrare scortese verso il suo ospite, ed essendosi cos\u00ec provocato una infiammazione alla vescica che lo port\u00f2 alla tomba. Altre ipotesi (avvelenamento da mercurio, magari da parte di Keplero, o calcoli renali) sono state smentite dalle due riesumazioni effettuate sulla salma, custodita nella Cattedrale di Tyn a Praga.<\/p>\n<p>&nbsp;<\/p>\n<p>&nbsp;<\/p>\n<\/div><div class=\"fusion-image-element awb-imageframe-style awb-imageframe-style-below awb-imageframe-style-3\" style=\"text-align:center;--awb-caption-title-font-family:&quot;Raleway&quot;;--awb-caption-title-font-weight:200;--awb-caption-title-font-style:normal;--awb-caption-title-size:var(--h4_typography-font-size);--awb-caption-title-transform:var(--h4_typography-text-transform);--awb-caption-title-line-height:var(--h4_typography-line-height);--awb-caption-title-letter-spacing:var(--h4_typography-letter-spacing);\"><span class=\"fusion-imageframe imageframe-none imageframe-3 hover-type-none\"><img decoding=\"async\" width=\"282\" height=\"300\" title=\"Quel che resta del teschio di Tycho, riesumato due volte\" src=\"https:\/\/vincenzodellavecchia.it\/wp-content\/uploads\/2024\/01\/Tycho-Skull.png\" data-orig-src=\"https:\/\/vincenzodellavecchia.it\/wp-content\/uploads\/2024\/01\/Tycho-Skull-282x300.png\" alt class=\"lazyload img-responsive wp-image-3145\" srcset=\"data:image\/svg+xml,%3Csvg%20xmlns%3D%27http%3A%2F%2Fwww.w3.org%2F2000%2Fsvg%27%20width%3D%27600%27%20height%3D%27638%27%20viewBox%3D%270%200%20600%20638%27%3E%3Crect%20width%3D%27600%27%20height%3D%27638%27%20fill-opacity%3D%220%22%2F%3E%3C%2Fsvg%3E\" data-srcset=\"https:\/\/vincenzodellavecchia.it\/wp-content\/uploads\/2024\/01\/Tycho-Skull-200x213.png 200w, https:\/\/vincenzodellavecchia.it\/wp-content\/uploads\/2024\/01\/Tycho-Skull-400x425.png 400w, https:\/\/vincenzodellavecchia.it\/wp-content\/uploads\/2024\/01\/Tycho-Skull.png 600w\" data-sizes=\"auto\" data-orig-sizes=\"(max-width: 1024px) 100vw, (max-width: 1024px) 100vw, 282px\" \/><\/span><div class=\"awb-imageframe-caption-container\"><div class=\"awb-imageframe-caption\"><h4 class=\"awb-imageframe-caption-title\">Quel che resta del teschio di Tycho, riesumato due volte<\/h4><\/div><\/div><\/div><div class=\"fusion-text fusion-text-3\" style=\"--awb-content-alignment:right;--awb-text-font-family:&quot;Raleway&quot;;--awb-text-font-style:normal;--awb-text-font-weight:400;\"><\/div><\/div><\/div><\/div><\/div>","protected":false},"excerpt":{"rendered":"","protected":false},"author":2,"featured_media":0,"parent":1347,"menu_order":0,"comment_status":"closed","ping_status":"closed","template":"","meta":{"footnotes":""},"class_list":["post-3136","page","type-page","status-publish","hentry"],"yoast_head":"<!-- This site is optimized with the Yoast SEO plugin v22.8 - https:\/\/yoast.com\/wordpress\/plugins\/seo\/ -->\n<title>Tycho Brahe vita - Vincenzo della Vecchia<\/title>\n<meta name=\"robots\" content=\"index, follow, max-snippet:-1, max-image-preview:large, max-video-preview:-1\" \/>\n<link rel=\"canonical\" href=\"https:\/\/vincenzodellavecchia.it\/en_us\/pillole-astronomiche\/tycho-brahe\/\" \/>\n<meta property=\"og:locale\" content=\"en_US\" \/>\n<meta property=\"og:type\" content=\"article\" \/>\n<meta property=\"og:title\" content=\"Tycho Brahe vita - Vincenzo della Vecchia\" \/>\n<meta property=\"og:url\" content=\"https:\/\/vincenzodellavecchia.it\/en_us\/pillole-astronomiche\/tycho-brahe\/\" \/>\n<meta property=\"og:site_name\" content=\"Vincenzo della Vecchia\" \/>\n<meta property=\"article:modified_time\" content=\"2024-04-26T05:48:48+00:00\" \/>\n<meta name=\"twitter:card\" content=\"summary_large_image\" \/>\n<meta name=\"twitter:label1\" content=\"Est. reading time\" \/>\n\t<meta name=\"twitter:data1\" content=\"7 minutes\" \/>\n<script type=\"application\/ld+json\" class=\"yoast-schema-graph\">{\"@context\":\"https:\/\/schema.org\",\"@graph\":[{\"@type\":\"WebPage\",\"@id\":\"https:\/\/vincenzodellavecchia.it\/pillole-astronomiche\/tycho-brahe\/\",\"url\":\"https:\/\/vincenzodellavecchia.it\/pillole-astronomiche\/tycho-brahe\/\",\"name\":\"Tycho Brahe vita - Vincenzo della Vecchia\",\"isPartOf\":{\"@id\":\"https:\/\/vincenzodellavecchia.it\/#website\"},\"datePublished\":\"2024-01-26T13:27:23+00:00\",\"dateModified\":\"2024-04-26T05:48:48+00:00\",\"breadcrumb\":{\"@id\":\"https:\/\/vincenzodellavecchia.it\/pillole-astronomiche\/tycho-brahe\/#breadcrumb\"},\"inLanguage\":\"en-US\",\"potentialAction\":[{\"@type\":\"ReadAction\",\"target\":[\"https:\/\/vincenzodellavecchia.it\/pillole-astronomiche\/tycho-brahe\/\"]}]},{\"@type\":\"BreadcrumbList\",\"@id\":\"https:\/\/vincenzodellavecchia.it\/pillole-astronomiche\/tycho-brahe\/#breadcrumb\",\"itemListElement\":[{\"@type\":\"ListItem\",\"position\":1,\"name\":\"Home\",\"item\":\"https:\/\/vincenzodellavecchia.it\/\"},{\"@type\":\"ListItem\",\"position\":2,\"name\":\"Pillole astronomiche\",\"item\":\"https:\/\/vincenzodellavecchia.it\/pillole-astronomiche\/\"},{\"@type\":\"ListItem\",\"position\":3,\"name\":\"Tycho Brahe vita\"}]},{\"@type\":\"WebSite\",\"@id\":\"https:\/\/vincenzodellavecchia.it\/#website\",\"url\":\"https:\/\/vincenzodellavecchia.it\/\",\"name\":\"Vincenzo della Vecchia\",\"description\":\"\",\"publisher\":{\"@id\":\"https:\/\/vincenzodellavecchia.it\/#\/schema\/person\/27f35cf670d99558a8b45c9d7d5629c8\"},\"potentialAction\":[{\"@type\":\"SearchAction\",\"target\":{\"@type\":\"EntryPoint\",\"urlTemplate\":\"https:\/\/vincenzodellavecchia.it\/?s={search_term_string}\"},\"query-input\":\"required name=search_term_string\"}],\"inLanguage\":\"en-US\"},{\"@type\":[\"Person\",\"Organization\"],\"@id\":\"https:\/\/vincenzodellavecchia.it\/#\/schema\/person\/27f35cf670d99558a8b45c9d7d5629c8\",\"name\":\"vdellavecchia\",\"image\":{\"@type\":\"ImageObject\",\"inLanguage\":\"en-US\",\"@id\":\"https:\/\/vincenzodellavecchia.it\/#\/schema\/person\/image\/\",\"url\":\"https:\/\/secure.gravatar.com\/avatar\/a563fd84f36e2122ef7f0be2d8033d6c3f4ea87d4895960322b9d77bb0a34a97?s=96&d=mm&r=g\",\"contentUrl\":\"https:\/\/secure.gravatar.com\/avatar\/a563fd84f36e2122ef7f0be2d8033d6c3f4ea87d4895960322b9d77bb0a34a97?s=96&d=mm&r=g\",\"caption\":\"vdellavecchia\"},\"logo\":{\"@id\":\"https:\/\/vincenzodellavecchia.it\/#\/schema\/person\/image\/\"}}]}<\/script>\n<!-- \/ Yoast SEO plugin. -->","yoast_head_json":{"title":"Tycho Brahe vita - Vincenzo della Vecchia","robots":{"index":"index","follow":"follow","max-snippet":"max-snippet:-1","max-image-preview":"max-image-preview:large","max-video-preview":"max-video-preview:-1"},"canonical":"https:\/\/vincenzodellavecchia.it\/en_us\/pillole-astronomiche\/tycho-brahe\/","og_locale":"en_US","og_type":"article","og_title":"Tycho Brahe vita - Vincenzo della Vecchia","og_url":"https:\/\/vincenzodellavecchia.it\/en_us\/pillole-astronomiche\/tycho-brahe\/","og_site_name":"Vincenzo della Vecchia","article_modified_time":"2024-04-26T05:48:48+00:00","twitter_card":"summary_large_image","twitter_misc":{"Est. reading time":"7 minutes"},"schema":{"@context":"https:\/\/schema.org","@graph":[{"@type":"WebPage","@id":"https:\/\/vincenzodellavecchia.it\/pillole-astronomiche\/tycho-brahe\/","url":"https:\/\/vincenzodellavecchia.it\/pillole-astronomiche\/tycho-brahe\/","name":"Tycho Brahe vita - Vincenzo della Vecchia","isPartOf":{"@id":"https:\/\/vincenzodellavecchia.it\/#website"},"datePublished":"2024-01-26T13:27:23+00:00","dateModified":"2024-04-26T05:48:48+00:00","breadcrumb":{"@id":"https:\/\/vincenzodellavecchia.it\/pillole-astronomiche\/tycho-brahe\/#breadcrumb"},"inLanguage":"en-US","potentialAction":[{"@type":"ReadAction","target":["https:\/\/vincenzodellavecchia.it\/pillole-astronomiche\/tycho-brahe\/"]}]},{"@type":"BreadcrumbList","@id":"https:\/\/vincenzodellavecchia.it\/pillole-astronomiche\/tycho-brahe\/#breadcrumb","itemListElement":[{"@type":"ListItem","position":1,"name":"Home","item":"https:\/\/vincenzodellavecchia.it\/"},{"@type":"ListItem","position":2,"name":"Pillole astronomiche","item":"https:\/\/vincenzodellavecchia.it\/pillole-astronomiche\/"},{"@type":"ListItem","position":3,"name":"Tycho Brahe vita"}]},{"@type":"WebSite","@id":"https:\/\/vincenzodellavecchia.it\/#website","url":"https:\/\/vincenzodellavecchia.it\/","name":"Vincenzo della Vecchia","description":"","publisher":{"@id":"https:\/\/vincenzodellavecchia.it\/#\/schema\/person\/27f35cf670d99558a8b45c9d7d5629c8"},"potentialAction":[{"@type":"SearchAction","target":{"@type":"EntryPoint","urlTemplate":"https:\/\/vincenzodellavecchia.it\/?s={search_term_string}"},"query-input":"required name=search_term_string"}],"inLanguage":"en-US"},{"@type":["Person","Organization"],"@id":"https:\/\/vincenzodellavecchia.it\/#\/schema\/person\/27f35cf670d99558a8b45c9d7d5629c8","name":"vdellavecchia","image":{"@type":"ImageObject","inLanguage":"en-US","@id":"https:\/\/vincenzodellavecchia.it\/#\/schema\/person\/image\/","url":"https:\/\/secure.gravatar.com\/avatar\/a563fd84f36e2122ef7f0be2d8033d6c3f4ea87d4895960322b9d77bb0a34a97?s=96&d=mm&r=g","contentUrl":"https:\/\/secure.gravatar.com\/avatar\/a563fd84f36e2122ef7f0be2d8033d6c3f4ea87d4895960322b9d77bb0a34a97?s=96&d=mm&r=g","caption":"vdellavecchia"},"logo":{"@id":"https:\/\/vincenzodellavecchia.it\/#\/schema\/person\/image\/"}}]}},"_links":{"self":[{"href":"https:\/\/vincenzodellavecchia.it\/en_us\/wp-json\/wp\/v2\/pages\/3136","targetHints":{"allow":["GET"]}}],"collection":[{"href":"https:\/\/vincenzodellavecchia.it\/en_us\/wp-json\/wp\/v2\/pages"}],"about":[{"href":"https:\/\/vincenzodellavecchia.it\/en_us\/wp-json\/wp\/v2\/types\/page"}],"author":[{"embeddable":true,"href":"https:\/\/vincenzodellavecchia.it\/en_us\/wp-json\/wp\/v2\/users\/2"}],"replies":[{"embeddable":true,"href":"https:\/\/vincenzodellavecchia.it\/en_us\/wp-json\/wp\/v2\/comments?post=3136"}],"version-history":[{"count":21,"href":"https:\/\/vincenzodellavecchia.it\/en_us\/wp-json\/wp\/v2\/pages\/3136\/revisions"}],"predecessor-version":[{"id":3737,"href":"https:\/\/vincenzodellavecchia.it\/en_us\/wp-json\/wp\/v2\/pages\/3136\/revisions\/3737"}],"up":[{"embeddable":true,"href":"https:\/\/vincenzodellavecchia.it\/en_us\/wp-json\/wp\/v2\/pages\/1347"}],"wp:attachment":[{"href":"https:\/\/vincenzodellavecchia.it\/en_us\/wp-json\/wp\/v2\/media?parent=3136"}],"curies":[{"name":"wp","href":"https:\/\/api.w.org\/{rel}","templated":true}]}}