{"id":3241,"date":"2024-01-27T13:40:21","date_gmt":"2024-01-27T12:40:21","guid":{"rendered":"https:\/\/vincenzodellavecchia.it\/?page_id=3241"},"modified":"2024-04-26T07:58:33","modified_gmt":"2024-04-26T05:58:33","slug":"no-shadow-day","status":"publish","type":"page","link":"https:\/\/vincenzodellavecchia.it\/en_us\/pillole-astronomiche\/no-shadow-day\/","title":{"rendered":"No shadow day"},"content":{"rendered":"<div class=\"fusion-fullwidth fullwidth-box fusion-builder-row-1 fusion-flex-container has-pattern-background has-mask-background nonhundred-percent-fullwidth non-hundred-percent-height-scrolling\" style=\"--awb-border-radius-top-left:0px;--awb-border-radius-top-right:0px;--awb-border-radius-bottom-right:0px;--awb-border-radius-bottom-left:0px;--awb-flex-wrap:wrap;\" ><div class=\"fusion-builder-row fusion-row fusion-flex-align-items-flex-start fusion-flex-content-wrap\" style=\"max-width:1092px;margin-left: calc(-4% \/ 2 );margin-right: calc(-4% \/ 2 );\"><div class=\"fusion-layout-column fusion_builder_column fusion-builder-column-0 fusion_builder_column_1_1 1_1 fusion-flex-column\" style=\"--awb-bg-size:cover;--awb-width-large:100%;--awb-margin-top-large:0px;--awb-spacing-right-large:1.92%;--awb-margin-bottom-large:50px;--awb-spacing-left-large:1.92%;--awb-width-medium:100%;--awb-order-medium:0;--awb-spacing-right-medium:1.92%;--awb-spacing-left-medium:1.92%;--awb-width-small:100%;--awb-order-small:0;--awb-spacing-right-small:1.92%;--awb-spacing-left-small:1.92%;\"><div class=\"fusion-column-wrapper fusion-column-has-shadow fusion-flex-justify-content-flex-start fusion-content-layout-column\"><div class=\"fusion-text fusion-text-1\" style=\"--awb-text-font-family:&quot;Raleway&quot;;--awb-text-font-style:normal;--awb-text-font-weight:400;\"><p>A marzo e settembre il Sole transita per i punti d&#8217;Ariete e della Bilancia,  e in quei momenti hanno luogo i rispettivi equinozi.  In primavera, il movimento del Sole avviene in salita verso le declinazioni positive dell&#8217;eclittica, e viceversa in autunno, allungando od accorciando le giornate in corrispondenza con l&#8217;aumento o la diminuzione dell&#8217;arco diurno descritto dalla nostra stella.  I due punti equinoziali non si trovano in realt\u00e0 pi\u00f9 nelle rispettive costellazioni da almeno duemila anni, a causa della precessione. <\/p>\n<p>A dispetto del nome equinozio, il giorno e la notte non sono esattamente uguali e pari a 12 ore, ma il giorno \u00e8 pi\u00f9 lungo di almeno 6 o 7 minuti. Uno dei motivi per cui questo avviene \u00e8 la rifrazione atmosferica, che fa apparire il Sole sorgere e tramontare rispettivamente prima e dopo rispetto al momento reale. Il vero pareggio tra giorno e notte si ha, alle nostre latitudini, qualche giorno dopo l&#8217;equinozio. <\/p>\n<p>Cosa c&#8217;entra tutto questo con le ombre?<\/p>\n<p>Ebbene, all&#8217;equatore, all&#8217;equinozio, il Sole transita allo zenit al mezzogiorno vero (che differisce di una manciata di minuti rispetto a quello dell&#8217;orologio), dando luogo al cosiddetto &#8220;no shadow day&#8221;: un&#8217;asta, infissa perpendicolarmente al terreno, in quell&#8217;occasione non proietta ombra.  Capita solo a quelle latitudini, e solo due volte l&#8217;anno.<\/p><\/p>\n<\/div><div class=\"fusion-image-element\" style=\"text-align:center;--awb-caption-title-font-family:var(--h2_typography-font-family);--awb-caption-title-font-weight:var(--h2_typography-font-weight);--awb-caption-title-font-style:var(--h2_typography-font-style);--awb-caption-title-size:var(--h2_typography-font-size);--awb-caption-title-transform:var(--h2_typography-text-transform);--awb-caption-title-line-height:var(--h2_typography-line-height);--awb-caption-title-letter-spacing:var(--h2_typography-letter-spacing);\"><span class=\"fusion-imageframe imageframe-none imageframe-1 hover-type-none\"><img decoding=\"async\" width=\"632\" height=\"355\" title=\"No shadow day\" src=\"https:\/\/vincenzodellavecchia.it\/wp-content\/uploads\/2024\/01\/No-shadow-day-1.jpg\" data-orig-src=\"https:\/\/vincenzodellavecchia.it\/wp-content\/uploads\/2024\/01\/No-shadow-day-1.jpg\" alt class=\"lazyload img-responsive wp-image-3251\" srcset=\"data:image\/svg+xml,%3Csvg%20xmlns%3D%27http%3A%2F%2Fwww.w3.org%2F2000%2Fsvg%27%20width%3D%27632%27%20height%3D%27355%27%20viewBox%3D%270%200%20632%20355%27%3E%3Crect%20width%3D%27632%27%20height%3D%27355%27%20fill-opacity%3D%220%22%2F%3E%3C%2Fsvg%3E\" data-srcset=\"https:\/\/vincenzodellavecchia.it\/wp-content\/uploads\/2024\/01\/No-shadow-day-1-200x112.jpg 200w, https:\/\/vincenzodellavecchia.it\/wp-content\/uploads\/2024\/01\/No-shadow-day-1-400x225.jpg 400w, https:\/\/vincenzodellavecchia.it\/wp-content\/uploads\/2024\/01\/No-shadow-day-1-600x337.jpg 600w, https:\/\/vincenzodellavecchia.it\/wp-content\/uploads\/2024\/01\/No-shadow-day-1.jpg 632w\" data-sizes=\"auto\" data-orig-sizes=\"(max-width: 1024px) 100vw, (max-width: 1024px) 100vw, 632px\" \/><\/span><\/div><div class=\"fusion-text fusion-text-2\" style=\"--awb-text-font-family:&quot;Raleway&quot;;--awb-text-font-style:normal;--awb-text-font-weight:400;\"><p>E&#8217; facile comprendere perch\u00e9 questo avviene utilizzando l&#8217;astronomia sferica. La formula per l&#8217;altezza di un corpo celeste non circumpolare alla culminazione \u00e8:<\/p>\n<p align=\"center\"><b>h= 90\u00b0- \u03c6 + \u03b4<\/b><\/p>\n<p>dove <b>\u03c6<\/b> \u00e8 la latitudine e <b>\u03b4<\/b> la declinazione. Poich\u00e9 agli equinozi il Sole passa anche per l&#8217;equatore celeste (\u03b4=0\u00b0) e all&#8217;equatore terrestre \u03c6=0\u00b0, ne consegue che in quel momento h=90\u00b0 (passaggio allo zenit). <\/p>\n<p>Inoltre, poich\u00e9 la declinazione del Sole varia tra -23,5\u00b0 e  +23,5\u00b0 ai solstizi, \u00e8 facile vedere che il passaggio del Sole allo zenit pu\u00f2 avvenire solo per le latitudini comprese tra questi due valori, ovvero per luoghi che si trovano tra i due tropici. <\/p>\n<p>Per noi italiani, il massimo valore dell&#8217;altezza solare, raggiunto naturalmente al solstizio estivo, non pu\u00f2 superare i 70-75 gradi. <\/p><\/p>\n<\/div><div class=\"fusion-text fusion-text-3\" style=\"--awb-content-alignment:right;--awb-text-font-family:&quot;Raleway&quot;;--awb-text-font-style:normal;--awb-text-font-weight:400;\"><\/div><\/div><\/div><\/div><\/div>","protected":false},"excerpt":{"rendered":"","protected":false},"author":2,"featured_media":0,"parent":1347,"menu_order":0,"comment_status":"closed","ping_status":"closed","template":"","meta":{"footnotes":""},"class_list":["post-3241","page","type-page","status-publish","hentry"],"yoast_head":"<!-- This site is optimized with the Yoast SEO plugin v22.8 - https:\/\/yoast.com\/wordpress\/plugins\/seo\/ -->\n<title>No shadow day - Vincenzo della Vecchia<\/title>\n<meta name=\"robots\" content=\"index, follow, max-snippet:-1, max-image-preview:large, max-video-preview:-1\" \/>\n<link rel=\"canonical\" href=\"https:\/\/vincenzodellavecchia.it\/en_us\/pillole-astronomiche\/no-shadow-day\/\" \/>\n<meta property=\"og:locale\" content=\"en_US\" \/>\n<meta property=\"og:type\" content=\"article\" \/>\n<meta property=\"og:title\" content=\"No shadow day - Vincenzo della Vecchia\" \/>\n<meta property=\"og:url\" content=\"https:\/\/vincenzodellavecchia.it\/en_us\/pillole-astronomiche\/no-shadow-day\/\" \/>\n<meta property=\"og:site_name\" content=\"Vincenzo della Vecchia\" \/>\n<meta property=\"article:modified_time\" content=\"2024-04-26T05:58:33+00:00\" \/>\n<meta name=\"twitter:card\" content=\"summary_large_image\" \/>\n<meta name=\"twitter:label1\" content=\"Est. reading time\" \/>\n\t<meta name=\"twitter:data1\" content=\"5 minutes\" \/>\n<script type=\"application\/ld+json\" class=\"yoast-schema-graph\">{\"@context\":\"https:\/\/schema.org\",\"@graph\":[{\"@type\":\"WebPage\",\"@id\":\"https:\/\/vincenzodellavecchia.it\/pillole-astronomiche\/no-shadow-day\/\",\"url\":\"https:\/\/vincenzodellavecchia.it\/pillole-astronomiche\/no-shadow-day\/\",\"name\":\"No shadow day - Vincenzo della Vecchia\",\"isPartOf\":{\"@id\":\"https:\/\/vincenzodellavecchia.it\/#website\"},\"datePublished\":\"2024-01-27T12:40:21+00:00\",\"dateModified\":\"2024-04-26T05:58:33+00:00\",\"breadcrumb\":{\"@id\":\"https:\/\/vincenzodellavecchia.it\/pillole-astronomiche\/no-shadow-day\/#breadcrumb\"},\"inLanguage\":\"en-US\",\"potentialAction\":[{\"@type\":\"ReadAction\",\"target\":[\"https:\/\/vincenzodellavecchia.it\/pillole-astronomiche\/no-shadow-day\/\"]}]},{\"@type\":\"BreadcrumbList\",\"@id\":\"https:\/\/vincenzodellavecchia.it\/pillole-astronomiche\/no-shadow-day\/#breadcrumb\",\"itemListElement\":[{\"@type\":\"ListItem\",\"position\":1,\"name\":\"Home\",\"item\":\"https:\/\/vincenzodellavecchia.it\/\"},{\"@type\":\"ListItem\",\"position\":2,\"name\":\"Pillole astronomiche\",\"item\":\"https:\/\/vincenzodellavecchia.it\/pillole-astronomiche\/\"},{\"@type\":\"ListItem\",\"position\":3,\"name\":\"No shadow day\"}]},{\"@type\":\"WebSite\",\"@id\":\"https:\/\/vincenzodellavecchia.it\/#website\",\"url\":\"https:\/\/vincenzodellavecchia.it\/\",\"name\":\"Vincenzo della Vecchia\",\"description\":\"\",\"publisher\":{\"@id\":\"https:\/\/vincenzodellavecchia.it\/#\/schema\/person\/27f35cf670d99558a8b45c9d7d5629c8\"},\"potentialAction\":[{\"@type\":\"SearchAction\",\"target\":{\"@type\":\"EntryPoint\",\"urlTemplate\":\"https:\/\/vincenzodellavecchia.it\/?s={search_term_string}\"},\"query-input\":\"required name=search_term_string\"}],\"inLanguage\":\"en-US\"},{\"@type\":[\"Person\",\"Organization\"],\"@id\":\"https:\/\/vincenzodellavecchia.it\/#\/schema\/person\/27f35cf670d99558a8b45c9d7d5629c8\",\"name\":\"vdellavecchia\",\"image\":{\"@type\":\"ImageObject\",\"inLanguage\":\"en-US\",\"@id\":\"https:\/\/vincenzodellavecchia.it\/#\/schema\/person\/image\/\",\"url\":\"https:\/\/secure.gravatar.com\/avatar\/a563fd84f36e2122ef7f0be2d8033d6c3f4ea87d4895960322b9d77bb0a34a97?s=96&d=mm&r=g\",\"contentUrl\":\"https:\/\/secure.gravatar.com\/avatar\/a563fd84f36e2122ef7f0be2d8033d6c3f4ea87d4895960322b9d77bb0a34a97?s=96&d=mm&r=g\",\"caption\":\"vdellavecchia\"},\"logo\":{\"@id\":\"https:\/\/vincenzodellavecchia.it\/#\/schema\/person\/image\/\"}}]}<\/script>\n<!-- \/ Yoast SEO plugin. -->","yoast_head_json":{"title":"No shadow day - Vincenzo della Vecchia","robots":{"index":"index","follow":"follow","max-snippet":"max-snippet:-1","max-image-preview":"max-image-preview:large","max-video-preview":"max-video-preview:-1"},"canonical":"https:\/\/vincenzodellavecchia.it\/en_us\/pillole-astronomiche\/no-shadow-day\/","og_locale":"en_US","og_type":"article","og_title":"No shadow day - Vincenzo della Vecchia","og_url":"https:\/\/vincenzodellavecchia.it\/en_us\/pillole-astronomiche\/no-shadow-day\/","og_site_name":"Vincenzo della Vecchia","article_modified_time":"2024-04-26T05:58:33+00:00","twitter_card":"summary_large_image","twitter_misc":{"Est. reading time":"5 minutes"},"schema":{"@context":"https:\/\/schema.org","@graph":[{"@type":"WebPage","@id":"https:\/\/vincenzodellavecchia.it\/pillole-astronomiche\/no-shadow-day\/","url":"https:\/\/vincenzodellavecchia.it\/pillole-astronomiche\/no-shadow-day\/","name":"No shadow day - Vincenzo della Vecchia","isPartOf":{"@id":"https:\/\/vincenzodellavecchia.it\/#website"},"datePublished":"2024-01-27T12:40:21+00:00","dateModified":"2024-04-26T05:58:33+00:00","breadcrumb":{"@id":"https:\/\/vincenzodellavecchia.it\/pillole-astronomiche\/no-shadow-day\/#breadcrumb"},"inLanguage":"en-US","potentialAction":[{"@type":"ReadAction","target":["https:\/\/vincenzodellavecchia.it\/pillole-astronomiche\/no-shadow-day\/"]}]},{"@type":"BreadcrumbList","@id":"https:\/\/vincenzodellavecchia.it\/pillole-astronomiche\/no-shadow-day\/#breadcrumb","itemListElement":[{"@type":"ListItem","position":1,"name":"Home","item":"https:\/\/vincenzodellavecchia.it\/"},{"@type":"ListItem","position":2,"name":"Pillole astronomiche","item":"https:\/\/vincenzodellavecchia.it\/pillole-astronomiche\/"},{"@type":"ListItem","position":3,"name":"No shadow day"}]},{"@type":"WebSite","@id":"https:\/\/vincenzodellavecchia.it\/#website","url":"https:\/\/vincenzodellavecchia.it\/","name":"Vincenzo della Vecchia","description":"","publisher":{"@id":"https:\/\/vincenzodellavecchia.it\/#\/schema\/person\/27f35cf670d99558a8b45c9d7d5629c8"},"potentialAction":[{"@type":"SearchAction","target":{"@type":"EntryPoint","urlTemplate":"https:\/\/vincenzodellavecchia.it\/?s={search_term_string}"},"query-input":"required name=search_term_string"}],"inLanguage":"en-US"},{"@type":["Person","Organization"],"@id":"https:\/\/vincenzodellavecchia.it\/#\/schema\/person\/27f35cf670d99558a8b45c9d7d5629c8","name":"vdellavecchia","image":{"@type":"ImageObject","inLanguage":"en-US","@id":"https:\/\/vincenzodellavecchia.it\/#\/schema\/person\/image\/","url":"https:\/\/secure.gravatar.com\/avatar\/a563fd84f36e2122ef7f0be2d8033d6c3f4ea87d4895960322b9d77bb0a34a97?s=96&d=mm&r=g","contentUrl":"https:\/\/secure.gravatar.com\/avatar\/a563fd84f36e2122ef7f0be2d8033d6c3f4ea87d4895960322b9d77bb0a34a97?s=96&d=mm&r=g","caption":"vdellavecchia"},"logo":{"@id":"https:\/\/vincenzodellavecchia.it\/#\/schema\/person\/image\/"}}]}},"_links":{"self":[{"href":"https:\/\/vincenzodellavecchia.it\/en_us\/wp-json\/wp\/v2\/pages\/3241","targetHints":{"allow":["GET"]}}],"collection":[{"href":"https:\/\/vincenzodellavecchia.it\/en_us\/wp-json\/wp\/v2\/pages"}],"about":[{"href":"https:\/\/vincenzodellavecchia.it\/en_us\/wp-json\/wp\/v2\/types\/page"}],"author":[{"embeddable":true,"href":"https:\/\/vincenzodellavecchia.it\/en_us\/wp-json\/wp\/v2\/users\/2"}],"replies":[{"embeddable":true,"href":"https:\/\/vincenzodellavecchia.it\/en_us\/wp-json\/wp\/v2\/comments?post=3241"}],"version-history":[{"count":22,"href":"https:\/\/vincenzodellavecchia.it\/en_us\/wp-json\/wp\/v2\/pages\/3241\/revisions"}],"predecessor-version":[{"id":3739,"href":"https:\/\/vincenzodellavecchia.it\/en_us\/wp-json\/wp\/v2\/pages\/3241\/revisions\/3739"}],"up":[{"embeddable":true,"href":"https:\/\/vincenzodellavecchia.it\/en_us\/wp-json\/wp\/v2\/pages\/1347"}],"wp:attachment":[{"href":"https:\/\/vincenzodellavecchia.it\/en_us\/wp-json\/wp\/v2\/media?parent=3241"}],"curies":[{"name":"wp","href":"https:\/\/api.w.org\/{rel}","templated":true}]}}