{"id":3318,"date":"2024-01-30T19:50:58","date_gmt":"2024-01-30T18:50:58","guid":{"rendered":"https:\/\/vincenzodellavecchia.it\/?page_id=3318"},"modified":"2024-04-26T09:01:23","modified_gmt":"2024-04-26T07:01:23","slug":"misuriamoci-la-vista","status":"publish","type":"page","link":"https:\/\/vincenzodellavecchia.it\/en_us\/pillole-astronomiche\/misuriamoci-la-vista\/","title":{"rendered":"Misuriamoci la vista"},"content":{"rendered":"<div class=\"fusion-fullwidth fullwidth-box fusion-builder-row-1 fusion-flex-container has-pattern-background has-mask-background nonhundred-percent-fullwidth non-hundred-percent-height-scrolling\" style=\"--awb-border-radius-top-left:0px;--awb-border-radius-top-right:0px;--awb-border-radius-bottom-right:0px;--awb-border-radius-bottom-left:0px;--awb-flex-wrap:wrap;\" ><div class=\"fusion-builder-row fusion-row fusion-flex-align-items-flex-start fusion-flex-content-wrap\" style=\"max-width:1092px;margin-left: calc(-4% \/ 2 );margin-right: calc(-4% \/ 2 );\"><div class=\"fusion-layout-column fusion_builder_column fusion-builder-column-0 fusion_builder_column_1_1 1_1 fusion-flex-column\" style=\"--awb-bg-size:cover;--awb-width-large:100%;--awb-margin-top-large:0px;--awb-spacing-right-large:1.92%;--awb-margin-bottom-large:50px;--awb-spacing-left-large:1.92%;--awb-width-medium:100%;--awb-order-medium:0;--awb-spacing-right-medium:1.92%;--awb-spacing-left-medium:1.92%;--awb-width-small:100%;--awb-order-small:0;--awb-spacing-right-small:1.92%;--awb-spacing-left-small:1.92%;\"><div class=\"fusion-column-wrapper fusion-column-has-shadow fusion-flex-justify-content-flex-start fusion-content-layout-column\"><div class=\"fusion-text fusion-text-1\" style=\"--awb-text-font-family:&quot;Raleway&quot;;--awb-text-font-style:normal;--awb-text-font-weight:400;\"><p>La Luna piena non serve solo a disturbare gli astrofotografi o a risvegliare improbabili creature notturne, ma pu\u00f2 essere utile per&#8230; testare la propria vista.<\/p>\n<p>Ne \u00e8 una prova la lista elaborata da W. Pickering, astronomo del secolo scorso, pi\u00f9 noto per una scala del seeing usata ancora oggi ma che diede importanti contributi all&#8217;astronomia. Alcune sue affermazioni:  <\/p>\n<blockquote>\n<p>un piccolo rifrattore \u00e8 utile soprattutto per lo studio delle stelle variabili<\/p>\n<\/blockquote>\n<p>o pretese come quelle di aver osservato vegetali sulla Luna sono discutibili, mentre altre intuizioni sono illuminanti: <\/p>\n<blockquote>\n<p>Uno strumento pi\u00f9 grande, che mostra gli stessi dettagli planetari di uno pi\u00f9 piccolo in certe condizioni di seeing, risolver\u00e0 comunque doppie pi\u00f9 strette.<\/p>\n<\/blockquote>\n<p>Pickering elenc\u00f2 12 zone lunari da osservare <u>ad occhio nudo<\/u>, di difficolt\u00e0 via via crescente (v. immagine in calce). Chi riesce a vedere la 6a o 7a ha una buona vista, addirittura ottima se si arriva alla 9a o 10a. Gli ultimi gradini costituiscono dichiaratamente una provocazione, infatti Pickering afferma che il dodicesimo \u00e8 verosimilmente impossibile per tutti, e chi si ferma, si fa per dire,  al penultimo pu\u00f2 vantarsi di avere capacit\u00e0 visive eccellenti.<\/p>\n<p>Ecco cosa dice Pickering al riguardo:<\/p>\n<blockquote>\n<p>&#8230;] i dettagli pi\u00f9 fini si vedono quando la Luna non \u00e8 molto sopra l&#8217;orizzonte ed \u00e8 dunque meno abbagliante, e quando la posizione dell&#8217;osservatore non \u00e8 molto costipata. [&#8230;]\n<\/p>\n<\/blockquote>\n<blockquote>\n<p>La visibilit\u00e0 relativa di questi oggetti varia con la vicinanza al terminatore. Dunque \u00e8 meglio, in generale, osservare con la Luna piena.<\/p>\n<\/blockquote>\n<blockquote>\n<p>E&#8217; stato necessario selezionare oggetti abbastanza lontani dal lembo per non risentire degli effetti della librazione. E&#8217; consigliabile avere un binocolo (&#8220;opera glass&#8221;, N. d. T.) e una mappa lunare per sapere cosa aspettarsi di vedere. [&#8230;]\n<\/p>\n<\/blockquote>\n<blockquote>\n<p>Il Sinus Medii appare come una stretta linea che corre da Est a Ovest, situata ad Ovest di una macchia molto scura. La regione di Sacrobosco appare come un&#8217;area debolmente ombreggiata del diametro all&#8217;incirca del Mare Crisium. La regione di Huygens \u00e8 una macchia scura a Nord-Est degli Appennini. Sapendo che era l\u00ec, sono riuscito a vederla subito, ma non l&#8217;avrei scoperta altrimenti. I Riphaeus Montes sono difficili, ed \u00e8 dubbio che si possa vederli ad occhio nudo. I primi 10 oggetti dovrebbero tuttavia essere alla portata di un&#8217;ottima vista.<\/p>\n<\/blockquote>\n<p>In teoria, la fase pi\u00f9 adatta \u00e8 quella di Luna piena o al massimo gibbosa, con il nostro satellite visibile la maggior parte della notte. E&#8217; per\u00f2 verosimile che la notte fonda, dove l&#8217;occhio \u00e8 abbagliato dalla luce lunare, e il giorno pieno quando all&#8217;inverso i contrasti sono troppo tenui non siano ottimali, e vadano ricercate condizioni intermedie intorno ai crepuscoli. Il seeing non ha naturalmente nessuna importanza, diversamente dalla trasparenza atmosferica. Non \u00e8 chiarissimo di quali zone Pickering parli in un paio di punti (ad es. il decimo), dove ho dato la localizzazione che mi sembra pi\u00f9 probabile. Non \u00e8 un gran problema visto che si tratta comunque di zone molto difficili, alla portata di ben pochi osservatori. <\/p>\n<p>Personalmente sono arrivato dopo molte prove &#8220;solo&#8221; al settimo o forse ottavo gradino, e poich\u00e9 ho una vista superiore alla media, la mia idea (che non vuole essere irriguardosa) \u00e8 che Pickering abbia forse compilato il suo test un po&#8217; frettolosamente, binocolo alla mano. <\/p>\n<p>Ecco di seguito la lista originale&#8230; e buona fortuna!<\/p>\n<\/p>\n<p style=\"padding-left: 80px;\"><i><span style=\"color: rgb(255, 255, 255);\">1. Raggiera chiara intorno a Copernico<\/span><\/i><\/p>\n<p style=\"padding-left: 80px;\"><i><span style=\"color: rgb(255, 255, 255);\">2. Mare Nectaris<\/span><\/i><\/p>\n<p style=\"padding-left: 80px;\"><i><span style=\"color: rgb(255, 255, 255);\">3. Mare Humorum<\/span><\/i><\/p>\n<p style=\"padding-left: 80px;\"><i><span style=\"color: rgb(255, 255, 255);\">4. Zona chiara intorno al cratere Kepler<\/span><\/i><\/p>\n<p style=\"padding-left: 80px;\"><i><span style=\"color: rgb(255, 255, 255);\">5. Regione del cratere Gassendi<\/span><\/i><\/p>\n<p style=\"padding-left: 80px;\"><i><span style=\"color: rgb(255, 255, 255);\">6. Regione del cratere Plinio<\/span><\/i><\/p>\n<p style=\"padding-left: 80px;\"><i><span style=\"color: rgb(255, 255, 255);\">7. Mare Vaporum<\/span><\/i><\/p>\n<p style=\"padding-left: 80px;\"><i><span style=\"color: rgb(255, 255, 255);\">8. Regione del cratere Lubiniezky<\/span><\/i><\/p>\n<p style=\"padding-left: 80px;\"><i><span style=\"color: rgb(255, 255, 255);\">9. Sinus Medii<\/span><\/i><\/p>\n<p style=\"padding-left: 80px;\"><i><span style=\"color: rgb(255, 255, 255);\">10. Debole ombreggiatura nei pressi di Sacrobosco<\/span><\/i><\/p>\n<p style=\"padding-left: 80px;\"><i><span style=\"color: rgb(255, 255, 255);\">11. Palus Putredinis<\/span><\/i><\/p>\n<p style=\"padding-left: 80px;\"><i><span style=\"color: rgb(255, 255, 255);\">12. Monti Riphaeus<\/span><\/i><\/p>\n<p>.<\/p>\n<\/div><div class=\"fusion-image-element\" style=\"text-align:center;--awb-caption-title-font-family:var(--h2_typography-font-family);--awb-caption-title-font-weight:var(--h2_typography-font-weight);--awb-caption-title-font-style:var(--h2_typography-font-style);--awb-caption-title-size:var(--h2_typography-font-size);--awb-caption-title-transform:var(--h2_typography-text-transform);--awb-caption-title-line-height:var(--h2_typography-line-height);--awb-caption-title-letter-spacing:var(--h2_typography-letter-spacing);\"><span class=\"fusion-imageframe imageframe-none imageframe-1 hover-type-none\"><img decoding=\"async\" width=\"794\" height=\"540\" title=\"Luna-Pickering\" src=\"https:\/\/vincenzodellavecchia.it\/wp-content\/uploads\/2024\/01\/Luna-Pickering-1.jpg\" data-orig-src=\"https:\/\/vincenzodellavecchia.it\/wp-content\/uploads\/2024\/01\/Luna-Pickering-1.jpg\" alt class=\"lazyload img-responsive wp-image-3325\" srcset=\"data:image\/svg+xml,%3Csvg%20xmlns%3D%27http%3A%2F%2Fwww.w3.org%2F2000%2Fsvg%27%20width%3D%27794%27%20height%3D%27540%27%20viewBox%3D%270%200%20794%20540%27%3E%3Crect%20width%3D%27794%27%20height%3D%27540%27%20fill-opacity%3D%220%22%2F%3E%3C%2Fsvg%3E\" data-srcset=\"https:\/\/vincenzodellavecchia.it\/wp-content\/uploads\/2024\/01\/Luna-Pickering-1-200x136.jpg 200w, https:\/\/vincenzodellavecchia.it\/wp-content\/uploads\/2024\/01\/Luna-Pickering-1-400x272.jpg 400w, https:\/\/vincenzodellavecchia.it\/wp-content\/uploads\/2024\/01\/Luna-Pickering-1-600x408.jpg 600w, https:\/\/vincenzodellavecchia.it\/wp-content\/uploads\/2024\/01\/Luna-Pickering-1.jpg 794w\" data-sizes=\"auto\" data-orig-sizes=\"(max-width: 1024px) 100vw, (max-width: 1024px) 100vw, 794px\" \/><\/span><\/div><div class=\"fusion-text fusion-text-2\" style=\"--awb-content-alignment:right;--awb-text-font-family:&quot;Raleway&quot;;--awb-text-font-style:normal;--awb-text-font-weight:400;\"><\/div><\/div><\/div><\/div><\/div>","protected":false},"excerpt":{"rendered":"","protected":false},"author":2,"featured_media":0,"parent":1347,"menu_order":0,"comment_status":"closed","ping_status":"closed","template":"","meta":{"footnotes":""},"class_list":["post-3318","page","type-page","status-publish","hentry"],"yoast_head":"<!-- This site is optimized with the Yoast SEO plugin v22.8 - https:\/\/yoast.com\/wordpress\/plugins\/seo\/ -->\n<title>Misuriamoci la vista - Vincenzo della Vecchia<\/title>\n<meta name=\"robots\" content=\"index, follow, max-snippet:-1, max-image-preview:large, max-video-preview:-1\" \/>\n<link rel=\"canonical\" href=\"https:\/\/vincenzodellavecchia.it\/en_us\/pillole-astronomiche\/misuriamoci-la-vista\/\" \/>\n<meta property=\"og:locale\" content=\"en_US\" \/>\n<meta property=\"og:type\" content=\"article\" \/>\n<meta property=\"og:title\" content=\"Misuriamoci la vista - Vincenzo della Vecchia\" \/>\n<meta property=\"og:url\" content=\"https:\/\/vincenzodellavecchia.it\/en_us\/pillole-astronomiche\/misuriamoci-la-vista\/\" \/>\n<meta property=\"og:site_name\" content=\"Vincenzo della Vecchia\" \/>\n<meta property=\"article:modified_time\" content=\"2024-04-26T07:01:23+00:00\" \/>\n<meta name=\"twitter:card\" content=\"summary_large_image\" \/>\n<meta name=\"twitter:label1\" content=\"Est. reading time\" \/>\n\t<meta name=\"twitter:data1\" content=\"6 minutes\" \/>\n<script type=\"application\/ld+json\" class=\"yoast-schema-graph\">{\"@context\":\"https:\/\/schema.org\",\"@graph\":[{\"@type\":\"WebPage\",\"@id\":\"https:\/\/vincenzodellavecchia.it\/pillole-astronomiche\/misuriamoci-la-vista\/\",\"url\":\"https:\/\/vincenzodellavecchia.it\/pillole-astronomiche\/misuriamoci-la-vista\/\",\"name\":\"Misuriamoci la vista - Vincenzo della Vecchia\",\"isPartOf\":{\"@id\":\"https:\/\/vincenzodellavecchia.it\/#website\"},\"datePublished\":\"2024-01-30T18:50:58+00:00\",\"dateModified\":\"2024-04-26T07:01:23+00:00\",\"breadcrumb\":{\"@id\":\"https:\/\/vincenzodellavecchia.it\/pillole-astronomiche\/misuriamoci-la-vista\/#breadcrumb\"},\"inLanguage\":\"en-US\",\"potentialAction\":[{\"@type\":\"ReadAction\",\"target\":[\"https:\/\/vincenzodellavecchia.it\/pillole-astronomiche\/misuriamoci-la-vista\/\"]}]},{\"@type\":\"BreadcrumbList\",\"@id\":\"https:\/\/vincenzodellavecchia.it\/pillole-astronomiche\/misuriamoci-la-vista\/#breadcrumb\",\"itemListElement\":[{\"@type\":\"ListItem\",\"position\":1,\"name\":\"Home\",\"item\":\"https:\/\/vincenzodellavecchia.it\/\"},{\"@type\":\"ListItem\",\"position\":2,\"name\":\"Pillole astronomiche\",\"item\":\"https:\/\/vincenzodellavecchia.it\/pillole-astronomiche\/\"},{\"@type\":\"ListItem\",\"position\":3,\"name\":\"Misuriamoci la vista\"}]},{\"@type\":\"WebSite\",\"@id\":\"https:\/\/vincenzodellavecchia.it\/#website\",\"url\":\"https:\/\/vincenzodellavecchia.it\/\",\"name\":\"Vincenzo della Vecchia\",\"description\":\"\",\"publisher\":{\"@id\":\"https:\/\/vincenzodellavecchia.it\/#\/schema\/person\/27f35cf670d99558a8b45c9d7d5629c8\"},\"potentialAction\":[{\"@type\":\"SearchAction\",\"target\":{\"@type\":\"EntryPoint\",\"urlTemplate\":\"https:\/\/vincenzodellavecchia.it\/?s={search_term_string}\"},\"query-input\":\"required name=search_term_string\"}],\"inLanguage\":\"en-US\"},{\"@type\":[\"Person\",\"Organization\"],\"@id\":\"https:\/\/vincenzodellavecchia.it\/#\/schema\/person\/27f35cf670d99558a8b45c9d7d5629c8\",\"name\":\"vdellavecchia\",\"image\":{\"@type\":\"ImageObject\",\"inLanguage\":\"en-US\",\"@id\":\"https:\/\/vincenzodellavecchia.it\/#\/schema\/person\/image\/\",\"url\":\"https:\/\/secure.gravatar.com\/avatar\/a563fd84f36e2122ef7f0be2d8033d6c3f4ea87d4895960322b9d77bb0a34a97?s=96&d=mm&r=g\",\"contentUrl\":\"https:\/\/secure.gravatar.com\/avatar\/a563fd84f36e2122ef7f0be2d8033d6c3f4ea87d4895960322b9d77bb0a34a97?s=96&d=mm&r=g\",\"caption\":\"vdellavecchia\"},\"logo\":{\"@id\":\"https:\/\/vincenzodellavecchia.it\/#\/schema\/person\/image\/\"}}]}<\/script>\n<!-- \/ Yoast SEO plugin. -->","yoast_head_json":{"title":"Misuriamoci la vista - Vincenzo della Vecchia","robots":{"index":"index","follow":"follow","max-snippet":"max-snippet:-1","max-image-preview":"max-image-preview:large","max-video-preview":"max-video-preview:-1"},"canonical":"https:\/\/vincenzodellavecchia.it\/en_us\/pillole-astronomiche\/misuriamoci-la-vista\/","og_locale":"en_US","og_type":"article","og_title":"Misuriamoci la vista - Vincenzo della Vecchia","og_url":"https:\/\/vincenzodellavecchia.it\/en_us\/pillole-astronomiche\/misuriamoci-la-vista\/","og_site_name":"Vincenzo della Vecchia","article_modified_time":"2024-04-26T07:01:23+00:00","twitter_card":"summary_large_image","twitter_misc":{"Est. reading time":"6 minutes"},"schema":{"@context":"https:\/\/schema.org","@graph":[{"@type":"WebPage","@id":"https:\/\/vincenzodellavecchia.it\/pillole-astronomiche\/misuriamoci-la-vista\/","url":"https:\/\/vincenzodellavecchia.it\/pillole-astronomiche\/misuriamoci-la-vista\/","name":"Misuriamoci la vista - Vincenzo della Vecchia","isPartOf":{"@id":"https:\/\/vincenzodellavecchia.it\/#website"},"datePublished":"2024-01-30T18:50:58+00:00","dateModified":"2024-04-26T07:01:23+00:00","breadcrumb":{"@id":"https:\/\/vincenzodellavecchia.it\/pillole-astronomiche\/misuriamoci-la-vista\/#breadcrumb"},"inLanguage":"en-US","potentialAction":[{"@type":"ReadAction","target":["https:\/\/vincenzodellavecchia.it\/pillole-astronomiche\/misuriamoci-la-vista\/"]}]},{"@type":"BreadcrumbList","@id":"https:\/\/vincenzodellavecchia.it\/pillole-astronomiche\/misuriamoci-la-vista\/#breadcrumb","itemListElement":[{"@type":"ListItem","position":1,"name":"Home","item":"https:\/\/vincenzodellavecchia.it\/"},{"@type":"ListItem","position":2,"name":"Pillole astronomiche","item":"https:\/\/vincenzodellavecchia.it\/pillole-astronomiche\/"},{"@type":"ListItem","position":3,"name":"Misuriamoci la vista"}]},{"@type":"WebSite","@id":"https:\/\/vincenzodellavecchia.it\/#website","url":"https:\/\/vincenzodellavecchia.it\/","name":"Vincenzo della Vecchia","description":"","publisher":{"@id":"https:\/\/vincenzodellavecchia.it\/#\/schema\/person\/27f35cf670d99558a8b45c9d7d5629c8"},"potentialAction":[{"@type":"SearchAction","target":{"@type":"EntryPoint","urlTemplate":"https:\/\/vincenzodellavecchia.it\/?s={search_term_string}"},"query-input":"required name=search_term_string"}],"inLanguage":"en-US"},{"@type":["Person","Organization"],"@id":"https:\/\/vincenzodellavecchia.it\/#\/schema\/person\/27f35cf670d99558a8b45c9d7d5629c8","name":"vdellavecchia","image":{"@type":"ImageObject","inLanguage":"en-US","@id":"https:\/\/vincenzodellavecchia.it\/#\/schema\/person\/image\/","url":"https:\/\/secure.gravatar.com\/avatar\/a563fd84f36e2122ef7f0be2d8033d6c3f4ea87d4895960322b9d77bb0a34a97?s=96&d=mm&r=g","contentUrl":"https:\/\/secure.gravatar.com\/avatar\/a563fd84f36e2122ef7f0be2d8033d6c3f4ea87d4895960322b9d77bb0a34a97?s=96&d=mm&r=g","caption":"vdellavecchia"},"logo":{"@id":"https:\/\/vincenzodellavecchia.it\/#\/schema\/person\/image\/"}}]}},"_links":{"self":[{"href":"https:\/\/vincenzodellavecchia.it\/en_us\/wp-json\/wp\/v2\/pages\/3318","targetHints":{"allow":["GET"]}}],"collection":[{"href":"https:\/\/vincenzodellavecchia.it\/en_us\/wp-json\/wp\/v2\/pages"}],"about":[{"href":"https:\/\/vincenzodellavecchia.it\/en_us\/wp-json\/wp\/v2\/types\/page"}],"author":[{"embeddable":true,"href":"https:\/\/vincenzodellavecchia.it\/en_us\/wp-json\/wp\/v2\/users\/2"}],"replies":[{"embeddable":true,"href":"https:\/\/vincenzodellavecchia.it\/en_us\/wp-json\/wp\/v2\/comments?post=3318"}],"version-history":[{"count":17,"href":"https:\/\/vincenzodellavecchia.it\/en_us\/wp-json\/wp\/v2\/pages\/3318\/revisions"}],"predecessor-version":[{"id":3746,"href":"https:\/\/vincenzodellavecchia.it\/en_us\/wp-json\/wp\/v2\/pages\/3318\/revisions\/3746"}],"up":[{"embeddable":true,"href":"https:\/\/vincenzodellavecchia.it\/en_us\/wp-json\/wp\/v2\/pages\/1347"}],"wp:attachment":[{"href":"https:\/\/vincenzodellavecchia.it\/en_us\/wp-json\/wp\/v2\/media?parent=3318"}],"curies":[{"name":"wp","href":"https:\/\/api.w.org\/{rel}","templated":true}]}}