{"id":4154,"date":"2024-08-07T06:39:05","date_gmt":"2024-08-07T04:39:05","guid":{"rendered":"https:\/\/vincenzodellavecchia.it\/?page_id=4154"},"modified":"2024-08-24T08:25:31","modified_gmt":"2024-08-24T06:25:31","slug":"schroeter-e-le-montagne-di-venere","status":"publish","type":"page","link":"https:\/\/vincenzodellavecchia.it\/en_us\/pillole-astronomiche\/schroeter-e-le-montagne-di-venere\/","title":{"rendered":"Schr\u00f6eter e le montagne di Venere"},"content":{"rendered":"<div class=\"fusion-fullwidth fullwidth-box fusion-builder-row-1 fusion-flex-container has-pattern-background has-mask-background nonhundred-percent-fullwidth non-hundred-percent-height-scrolling\" style=\"--awb-border-radius-top-left:0px;--awb-border-radius-top-right:0px;--awb-border-radius-bottom-right:0px;--awb-border-radius-bottom-left:0px;--awb-flex-wrap:wrap;\" ><div class=\"fusion-builder-row fusion-row fusion-flex-align-items-flex-start fusion-flex-content-wrap\" style=\"max-width:1092px;margin-left: calc(-4% \/ 2 );margin-right: calc(-4% \/ 2 );\"><div class=\"fusion-layout-column fusion_builder_column fusion-builder-column-0 fusion_builder_column_1_2 1_2 fusion-flex-column\" style=\"--awb-bg-size:cover;--awb-width-large:50%;--awb-margin-top-large:0px;--awb-spacing-right-large:3.84%;--awb-margin-bottom-large:50px;--awb-spacing-left-large:3.84%;--awb-width-medium:100%;--awb-order-medium:0;--awb-spacing-right-medium:1.92%;--awb-spacing-left-medium:1.92%;--awb-width-small:100%;--awb-order-small:0;--awb-spacing-right-small:1.92%;--awb-spacing-left-small:1.92%;\"><div class=\"fusion-column-wrapper fusion-column-has-shadow fusion-flex-justify-content-flex-start fusion-content-layout-column\"><div class=\"fusion-image-element\" style=\"--awb-caption-title-font-family:var(--h2_typography-font-family);--awb-caption-title-font-weight:var(--h2_typography-font-weight);--awb-caption-title-font-style:var(--h2_typography-font-style);--awb-caption-title-size:var(--h2_typography-font-size);--awb-caption-title-transform:var(--h2_typography-text-transform);--awb-caption-title-line-height:var(--h2_typography-line-height);--awb-caption-title-letter-spacing:var(--h2_typography-letter-spacing);\"><span class=\"fusion-imageframe imageframe-none imageframe-1 hover-type-none\"><img decoding=\"async\" width=\"982\" height=\"859\" title=\"Eratosthenes\" src=\"https:\/\/vincenzodellavecchia.it\/wp-content\/uploads\/2024\/08\/Eratosthenes.jpg\" data-orig-src=\"https:\/\/vincenzodellavecchia.it\/wp-content\/uploads\/2024\/08\/Eratosthenes.jpg\" alt class=\"lazyload img-responsive wp-image-4156\" srcset=\"data:image\/svg+xml,%3Csvg%20xmlns%3D%27http%3A%2F%2Fwww.w3.org%2F2000%2Fsvg%27%20width%3D%27982%27%20height%3D%27859%27%20viewBox%3D%270%200%20982%20859%27%3E%3Crect%20width%3D%27982%27%20height%3D%27859%27%20fill-opacity%3D%220%22%2F%3E%3C%2Fsvg%3E\" data-srcset=\"https:\/\/vincenzodellavecchia.it\/wp-content\/uploads\/2024\/08\/Eratosthenes-200x175.jpg 200w, https:\/\/vincenzodellavecchia.it\/wp-content\/uploads\/2024\/08\/Eratosthenes-400x350.jpg 400w, https:\/\/vincenzodellavecchia.it\/wp-content\/uploads\/2024\/08\/Eratosthenes-600x525.jpg 600w, https:\/\/vincenzodellavecchia.it\/wp-content\/uploads\/2024\/08\/Eratosthenes-800x700.jpg 800w, https:\/\/vincenzodellavecchia.it\/wp-content\/uploads\/2024\/08\/Eratosthenes.jpg 982w\" data-sizes=\"auto\" data-orig-sizes=\"(max-width: 1024px) 100vw, (max-width: 1024px) 100vw, 600px\" \/><\/span><\/div><\/div><\/div><div class=\"fusion-layout-column fusion_builder_column fusion-builder-column-1 fusion_builder_column_1_2 1_2 fusion-flex-column\" style=\"--awb-bg-size:cover;--awb-width-large:50%;--awb-margin-top-large:99px;--awb-spacing-right-large:30.336%;--awb-margin-bottom-large:50px;--awb-spacing-left-large:22.464%;--awb-width-medium:100%;--awb-order-medium:0;--awb-spacing-right-medium:1.92%;--awb-spacing-left-medium:1.92%;--awb-width-small:100%;--awb-order-small:0;--awb-spacing-right-small:1.92%;--awb-spacing-left-small:1.92%;\"><div class=\"fusion-column-wrapper fusion-column-has-shadow fusion-flex-justify-content-flex-start fusion-content-layout-column\"><div class=\"fusion-image-element\" style=\"--awb-caption-title-font-family:var(--h2_typography-font-family);--awb-caption-title-font-weight:var(--h2_typography-font-weight);--awb-caption-title-font-style:var(--h2_typography-font-style);--awb-caption-title-size:var(--h2_typography-font-size);--awb-caption-title-transform:var(--h2_typography-text-transform);--awb-caption-title-line-height:var(--h2_typography-line-height);--awb-caption-title-letter-spacing:var(--h2_typography-letter-spacing);\"><span class=\"fusion-imageframe imageframe-none imageframe-2 hover-type-none\"><img decoding=\"async\" width=\"251\" height=\"273\" title=\"Schroeter\" src=\"https:\/\/vincenzodellavecchia.it\/wp-content\/uploads\/2024\/08\/Schroeter-1.jpg\" data-orig-src=\"https:\/\/vincenzodellavecchia.it\/wp-content\/uploads\/2024\/08\/Schroeter-1.jpg\" alt class=\"lazyload img-responsive wp-image-4157\" srcset=\"data:image\/svg+xml,%3Csvg%20xmlns%3D%27http%3A%2F%2Fwww.w3.org%2F2000%2Fsvg%27%20width%3D%27251%27%20height%3D%27273%27%20viewBox%3D%270%200%20251%20273%27%3E%3Crect%20width%3D%27251%27%20height%3D%27273%27%20fill-opacity%3D%220%22%2F%3E%3C%2Fsvg%3E\" data-srcset=\"https:\/\/vincenzodellavecchia.it\/wp-content\/uploads\/2024\/08\/Schroeter-1-200x218.jpg 200w, https:\/\/vincenzodellavecchia.it\/wp-content\/uploads\/2024\/08\/Schroeter-1.jpg 251w\" data-sizes=\"auto\" data-orig-sizes=\"(max-width: 1024px) 100vw, (max-width: 1024px) 100vw, 251px\" \/><\/span><\/div><\/div><\/div><div class=\"fusion-layout-column fusion_builder_column fusion-builder-column-2 fusion_builder_column_1_1 1_1 fusion-flex-column\" style=\"--awb-bg-size:cover;--awb-width-large:100%;--awb-margin-top-large:0px;--awb-spacing-right-large:1.92%;--awb-margin-bottom-large:50px;--awb-spacing-left-large:1.92%;--awb-width-medium:100%;--awb-order-medium:0;--awb-spacing-right-medium:1.92%;--awb-spacing-left-medium:1.92%;--awb-width-small:100%;--awb-order-small:0;--awb-spacing-right-small:1.92%;--awb-spacing-left-small:1.92%;\"><div class=\"fusion-column-wrapper fusion-column-has-shadow fusion-flex-justify-content-flex-start fusion-content-layout-column\"><div class=\"fusion-text fusion-text-1\" style=\"--awb-text-font-family:&quot;Raleway&quot;;--awb-text-font-style:normal;--awb-text-font-weight:400;\"><p>L&#8217;immagine lunare (presa dai miei archivi) rappresenta il cratere lunare Eratostene parzialmente immerso nell&#8217;ombra. Osservandola bene, si nota pi\u00f9 o meno al centro un puntino luminoso emergere dal buio &#8211; il responsabile \u00e8 uno dei picchi centrali, che svettando molto al di sopra del fondo del cratere riesce ad intercettare la luce solare. Questo fenomeno \u00e8 noto da secoli, e lo conosceva bene nel 18mo secolo anche Johann Hieronymous Schr\u00f6ter (a lui \u00e8 intitolata la Valle a forma di serpente, spesso ripresa dagli astrofili), autore di una monumentale topografia lunare che lo rendeva uno dei maggiori conoscitori del nostro satellite.<\/p>\n<p>Molto diversa era la situazione per Venere, la cui spessa coltre di nubi impediva agli astronomi di vederne la superficie alimentando le ipotesi intorno alla natura fisica del pianeta pi\u00f9 brillante. Se simili speculazioni non mancavano neppure per la Luna, dove si vedeva rigogliosa vegetazione nelle aree pi\u00f9 scure, possiamo immaginare cosa riuscisse a creare la fantasia degli astronomi dell&#8217;epoca e di Schr\u00f6ter in particolare, i cui voli pindarici finirono per renderlo agli occhi della comunit\u00e0 astronomica poco credibile nelle sue congetture quanto accurato laddove si limitava &#8220;solo&#8221; ad osservare.<\/p>\n<p>E qui veniamo al punto, o meglio al &#8220;ponte&#8221; di collegamento tra le due immagini sopra. La seconda \u00e8 un disegno dello stesso Johann che mostra Venere alla dicotomia, dove si nota uno strano puntino luminoso nei pressi del polo Sud (in alto). La natura di questo puntino presso i posteri non \u00e8 stata mai accertata: c&#8217;\u00e8 chi dice fosse un&#8217;aberrazione del suo telescopio (un riflettore, costruito da William Herschel), chi un effetto del seeing, chi ancora un puro prodotto dell&#8217;immaginifico Schr\u00f6ter, convinto pluralista e sostenitore della vita praticamente in tutto in Sistema Solare.<\/p>\n<p>Schr\u00f6ter invece non ebbe dubbi nel supporre un meccanismo analogo a quello che ben conosceva e che ho illustrato all&#8217;inizio parlando di Eratostene, e concluse che si trattava di una montagna cos\u00ec alta da bucare le nubi di Venere e riuscire ad intercettare la luce del Sole. Presto ne fu calcolata anche l&#8217;enorme altezza (23 miglia).<\/p>\n<p>Dopo altre osservazioni simili a questa (Schr\u00f6ter era un osservatore costante ai limiti della man\u00eca), il nostro si convinse a consegnare il suo lavoro ad una memoria che subito scaten\u00f2 un mare di polemiche, a cominciare dallo stesso Herschel che in qualche modo si sent\u00ec chiamato in causa essendovi implicato uno dei suoi strumenti, considerati, peraltro, tra i migliori dell&#8217;epoca.<\/p>\n<p>Sir William, unico mortale ad aver scoperto un pianeta del Sistema Solare, poteva permettersi di guardare dall&#8217;alto in basso i risultati del collega con meno anni, esperienza e reputazione, ed infatti cos\u00ec fece, mostrando a dire il vero in questa occasione una certa acredine piuttosto estranea al suo carattere. Si diede quindi ad osservare Venere per molti mesi, non rilevando nessuna montagna e concludendo che lo specchio di Schr\u00f6ter, pur essendo eccellente, si era appannato (ricordiamo che all&#8217;epoca erano fatti in lega metallica e non in vetro alluminato come oggi) e che in sostanza il collega aveva preso un granchio, grosso perlomeno 30 kilometri. Scrisse ad esempio:<\/p>\n<blockquote>\n<p>\n[&#8230;] \ud835\udc63\ud835\udc5c\ud835\udc5f\ud835\udc5f\ud835\udc52\ud835\udc56 \ud835\udc60\ud835\udc4e\ud835\udc5d\ud835\udc52\ud835\udc5f\ud835\udc52 \ud835\udc5d\ud835\udc52\ud835\udc5f \ud835\udc5e\ud835\udc62\ud835\udc4e\ud835\udc59\ud835\udc52 \ud835\udc60\ud835\udc61\ud835\udc5f\ud835\udc4e\ud835\udc5b\ud835\udc5c \ud835\udc50\ud835\udc4e\ud835\udc60\ud835\udc5c \ud835\udc56\ud835\udc5c \ud835\udc5b\ud835\udc5c\ud835\udc5b \ud835\udc4e\ud835\udc4f\ud835\udc4f\ud835\udc56\ud835\udc4e \ud835\udc5c\ud835\udc60\ud835\udc60\ud835\udc52\ud835\udc5f\ud835\udc63\ud835\udc4e\ud835\udc61\ud835\udc5c \ud835\udc5e\ud835\udc62\ud835\udc52\ud835\udc60\ud835\udc61\ud835\udc52 \ud835\udc5a\ud835\udc5c\ud835\udc5b\ud835\udc61\ud835\udc4e\ud835\udc54\ud835\udc5b\ud835\udc52, \ud835\udc50\u210e\ud835\udc52 \ud835\udc63\ud835\udc52\ud835\udc5b\ud835\udc54\ud835\udc5c\ud835\udc5b\ud835\udc5c \ud835\udc51\ud835\udc52\ud835\udc60\ud835\udc50\ud835\udc5f\ud835\udc56\ud835\udc61\ud835\udc61\ud835\udc52 \ud835\udc50\ud835\udc5c\ud835\udc5a\ud835\udc52 \ud835\udc5d\ud835\udc56\u00f9 \ud835\udc4e\ud835\udc59\ud835\udc61\ud835\udc52 \ud835\udc51\ud835\udc52\ud835\udc59 \ud835\udc36\u210e\ud835\udc56\ud835\udc5a\ud835\udc4f\ud835\udc5c\ud835\udc5f\ud835\udc4e\ud835\udc67\ud835\udc5c [all&#8217;epoca si credeva la vetta pi\u00f9 alta della Terra, NdA]\n<\/p>\n<\/blockquote>\n<blockquote>\n<p>\ud835\udc5d\ud835\udc5c\ud835\udc60\ud835\udc60\ud835\udc5c \ud835\udc60\ud835\udc5d\ud835\udc56\ud835\udc5b\ud835\udc54\ud835\udc52\ud835\udc5f\ud835\udc5a\ud835\udc56 \ud835\udc4e \ud835\udc51\ud835\udc56\ud835\udc5f\ud835\udc52 \ud835\udc50\u210e\ud835\udc52 \ud835\udc5b\ud835\udc52\ud835\udc60\ud835\udc60\ud835\udc62\ud835\udc5b \ud835\udc5c\ud835\udc50\ud835\udc50\u210e\ud835\udc56\ud835\udc5c, \ud835\udc50\u210e\ud835\udc52 \ud835\udc5b\ud835\udc5c\ud835\udc5b \ud835\udc60\ud835\udc56\ud835\udc4e \ud835\udc5a\ud835\udc5c\ud835\udc59\ud835\udc61\ud835\udc5c \ud835\udc5a\ud835\udc56\ud835\udc54\ud835\udc59\ud835\udc56\ud835\udc5c\ud835\udc5f\ud835\udc52 \ud835\udc51\ud835\udc52\ud835\udc59 \ud835\udc5a\ud835\udc56\ud835\udc5c \ud835\udc5c \ud835\udc4e\ud835\udc56\ud835\udc62\ud835\udc61\ud835\udc4e\ud835\udc61\ud835\udc5c \ud835\udc51\ud835\udc4e \ud835\udc60\ud835\udc61\ud835\udc5f\ud835\udc62\ud835\udc5a\ud835\udc52\ud835\udc5b\ud835\udc61\ud835\udc56 \ud835\udc5a\ud835\udc5c\ud835\udc59\ud835\udc61\ud835\udc5c \ud835\udc5a\ud835\udc56\ud835\udc54\ud835\udc59\ud835\udc56\ud835\udc5c\ud835\udc5f\ud835\udc56, \ud835\udc59\ud835\udc52 \ud835\udc63\ud835\udc52\ud835\udc51\ud835\udc5f\u00e0 \ud835\udc5a\ud835\udc4e\ud835\udc56 [le montagne su Venere, NdA]\n<\/p>\n<\/blockquote>\n<p>e via di questo passo.<\/p>\n<p>Schr\u00f6ter dall&#8217;altra parte, anche se probabilmente scosso dai sarcasmi di Herschel, non rispose a tono ma nemmeno ritratt\u00f2 la sua idea. Si limit\u00f2 a dire, riguardosamente, che l&#8217;illustre collega aveva osservato in un periodo di tempo eccessivamente limitato per trarre conclusioni, essendo<\/p>\n<blockquote>\n<p>\ud835\udc56\ud835\udc59 \ud835\udc60\ud835\udc62\ud835\udc5c \ud835\udc4e\ud835\udc62\ud835\udc51\ud835\udc4e\ud835\udc50\ud835\udc52 \ud835\udc60\ud835\udc5d\ud835\udc56\ud835\udc5f\ud835\udc56\ud835\udc61\ud835\udc5c \ud835\udc51\ud835\udc56 \ud835\udc56\ud835\udc5b\ud835\udc63\ud835\udc52\ud835\udc60\ud835\udc61\ud835\udc56\ud835\udc54\ud835\udc4e\ud835\udc67\ud835\udc56\ud835\udc5c\ud835\udc5b\ud835\udc52 \ud835\udc5d\ud835\udc5f\ud835\udc56\ud835\udc5b\ud835\udc50\ud835\udc56\ud835\udc5d\ud835\udc4e\ud835\udc59\ud835\udc5a\ud835\udc52\ud835\udc5b\ud835\udc61\ud835\udc52 \ud835\udc56\ud835\udc5a\ud835\udc5d\ud835\udc52\ud835\udc54\ud835\udc5b\ud835\udc4e\ud835\udc61\ud835\udc5c \ud835\udc5b\ud835\udc52\ud835\udc59 \ud835\udc53\ud835\udc4e\ud835\udc5f\ud835\udc52 \ud835\udc60\ud835\udc50\ud835\udc5c\ud835\udc5d\ud835\udc52\ud835\udc5f\ud835\udc61\ud835\udc52 \ud835\udc56\ud835\udc5b \ud835\udc5f\ud835\udc52\ud835\udc5a\ud835\udc5c\ud835\udc61\ud835\udc52 \ud835\udc5f\ud835\udc52\ud835\udc54\ud835\udc56\ud835\udc5c\ud835\udc5b\ud835\udc56 \ud835\udc51\ud835\udc52\ud835\udc59 \ud835\udc50\ud835\udc56\ud835\udc52\ud835\udc59\ud835\udc5c<\/p>\n<\/blockquote>\n<p>cio\u00e8, diremmo oggi, essendo impegnato a fare deep sky piuttosto che planetario.<\/p>\n<p>La disputa, a quanto sappiamo, ufficialmente fin\u00ec qui, ma \u00e8 difficile supporre che la considerazione che i due astronomi, peraltro cos\u00ec diversi tra loro, avevano l&#8217;uno dell&#8217;altro non ne uscisse in qualche modo incrinata.<\/p>\n<p>Per inciso, le montagne su Venere esistono davvero, anche se non sono molto alte a causa dell&#8217;enorme pressione atmosferica e non sono visibili otticamente da Terra.<\/p>\n<\/div><div class=\"fusion-text fusion-text-2\" style=\"--awb-content-alignment:right;--awb-text-font-family:&quot;Raleway&quot;;--awb-text-font-style:normal;--awb-text-font-weight:400;\"><\/div><\/div><\/div><\/div><\/div>","protected":false},"excerpt":{"rendered":"","protected":false},"author":2,"featured_media":0,"parent":1347,"menu_order":0,"comment_status":"closed","ping_status":"closed","template":"","meta":{"footnotes":""},"class_list":["post-4154","page","type-page","status-publish","hentry"],"yoast_head":"<!-- This site is optimized with the Yoast SEO plugin v22.8 - https:\/\/yoast.com\/wordpress\/plugins\/seo\/ -->\n<title>Schr\u00f6eter e le montagne di Venere - Vincenzo della Vecchia<\/title>\n<meta name=\"robots\" content=\"index, follow, max-snippet:-1, max-image-preview:large, max-video-preview:-1\" \/>\n<link rel=\"canonical\" href=\"https:\/\/vincenzodellavecchia.it\/en_us\/pillole-astronomiche\/schroeter-e-le-montagne-di-venere\/\" \/>\n<meta property=\"og:locale\" content=\"en_US\" \/>\n<meta property=\"og:type\" content=\"article\" \/>\n<meta property=\"og:title\" content=\"Schr\u00f6eter e le montagne di Venere - Vincenzo della Vecchia\" \/>\n<meta property=\"og:url\" content=\"https:\/\/vincenzodellavecchia.it\/en_us\/pillole-astronomiche\/schroeter-e-le-montagne-di-venere\/\" \/>\n<meta property=\"og:site_name\" content=\"Vincenzo della Vecchia\" \/>\n<meta property=\"article:modified_time\" content=\"2024-08-24T06:25:31+00:00\" \/>\n<meta name=\"twitter:card\" content=\"summary_large_image\" \/>\n<meta name=\"twitter:label1\" content=\"Est. reading time\" \/>\n\t<meta name=\"twitter:data1\" content=\"4 minutes\" \/>\n<script type=\"application\/ld+json\" class=\"yoast-schema-graph\">{\"@context\":\"https:\/\/schema.org\",\"@graph\":[{\"@type\":\"WebPage\",\"@id\":\"https:\/\/vincenzodellavecchia.it\/pillole-astronomiche\/schroeter-e-le-montagne-di-venere\/\",\"url\":\"https:\/\/vincenzodellavecchia.it\/pillole-astronomiche\/schroeter-e-le-montagne-di-venere\/\",\"name\":\"Schr\u00f6eter e le montagne di Venere - Vincenzo della Vecchia\",\"isPartOf\":{\"@id\":\"https:\/\/vincenzodellavecchia.it\/#website\"},\"datePublished\":\"2024-08-07T04:39:05+00:00\",\"dateModified\":\"2024-08-24T06:25:31+00:00\",\"breadcrumb\":{\"@id\":\"https:\/\/vincenzodellavecchia.it\/pillole-astronomiche\/schroeter-e-le-montagne-di-venere\/#breadcrumb\"},\"inLanguage\":\"en-US\",\"potentialAction\":[{\"@type\":\"ReadAction\",\"target\":[\"https:\/\/vincenzodellavecchia.it\/pillole-astronomiche\/schroeter-e-le-montagne-di-venere\/\"]}]},{\"@type\":\"BreadcrumbList\",\"@id\":\"https:\/\/vincenzodellavecchia.it\/pillole-astronomiche\/schroeter-e-le-montagne-di-venere\/#breadcrumb\",\"itemListElement\":[{\"@type\":\"ListItem\",\"position\":1,\"name\":\"Home\",\"item\":\"https:\/\/vincenzodellavecchia.it\/\"},{\"@type\":\"ListItem\",\"position\":2,\"name\":\"Pillole astronomiche\",\"item\":\"https:\/\/vincenzodellavecchia.it\/pillole-astronomiche\/\"},{\"@type\":\"ListItem\",\"position\":3,\"name\":\"Schr\u00f6eter e le montagne di Venere\"}]},{\"@type\":\"WebSite\",\"@id\":\"https:\/\/vincenzodellavecchia.it\/#website\",\"url\":\"https:\/\/vincenzodellavecchia.it\/\",\"name\":\"Vincenzo della Vecchia\",\"description\":\"\",\"publisher\":{\"@id\":\"https:\/\/vincenzodellavecchia.it\/#\/schema\/person\/27f35cf670d99558a8b45c9d7d5629c8\"},\"potentialAction\":[{\"@type\":\"SearchAction\",\"target\":{\"@type\":\"EntryPoint\",\"urlTemplate\":\"https:\/\/vincenzodellavecchia.it\/?s={search_term_string}\"},\"query-input\":\"required name=search_term_string\"}],\"inLanguage\":\"en-US\"},{\"@type\":[\"Person\",\"Organization\"],\"@id\":\"https:\/\/vincenzodellavecchia.it\/#\/schema\/person\/27f35cf670d99558a8b45c9d7d5629c8\",\"name\":\"vdellavecchia\",\"image\":{\"@type\":\"ImageObject\",\"inLanguage\":\"en-US\",\"@id\":\"https:\/\/vincenzodellavecchia.it\/#\/schema\/person\/image\/\",\"url\":\"https:\/\/secure.gravatar.com\/avatar\/a563fd84f36e2122ef7f0be2d8033d6c3f4ea87d4895960322b9d77bb0a34a97?s=96&d=mm&r=g\",\"contentUrl\":\"https:\/\/secure.gravatar.com\/avatar\/a563fd84f36e2122ef7f0be2d8033d6c3f4ea87d4895960322b9d77bb0a34a97?s=96&d=mm&r=g\",\"caption\":\"vdellavecchia\"},\"logo\":{\"@id\":\"https:\/\/vincenzodellavecchia.it\/#\/schema\/person\/image\/\"}}]}<\/script>\n<!-- \/ Yoast SEO plugin. -->","yoast_head_json":{"title":"Schr\u00f6eter e le montagne di Venere - Vincenzo della Vecchia","robots":{"index":"index","follow":"follow","max-snippet":"max-snippet:-1","max-image-preview":"max-image-preview:large","max-video-preview":"max-video-preview:-1"},"canonical":"https:\/\/vincenzodellavecchia.it\/en_us\/pillole-astronomiche\/schroeter-e-le-montagne-di-venere\/","og_locale":"en_US","og_type":"article","og_title":"Schr\u00f6eter e le montagne di Venere - Vincenzo della Vecchia","og_url":"https:\/\/vincenzodellavecchia.it\/en_us\/pillole-astronomiche\/schroeter-e-le-montagne-di-venere\/","og_site_name":"Vincenzo della Vecchia","article_modified_time":"2024-08-24T06:25:31+00:00","twitter_card":"summary_large_image","twitter_misc":{"Est. reading time":"4 minutes"},"schema":{"@context":"https:\/\/schema.org","@graph":[{"@type":"WebPage","@id":"https:\/\/vincenzodellavecchia.it\/pillole-astronomiche\/schroeter-e-le-montagne-di-venere\/","url":"https:\/\/vincenzodellavecchia.it\/pillole-astronomiche\/schroeter-e-le-montagne-di-venere\/","name":"Schr\u00f6eter e le montagne di Venere - Vincenzo della Vecchia","isPartOf":{"@id":"https:\/\/vincenzodellavecchia.it\/#website"},"datePublished":"2024-08-07T04:39:05+00:00","dateModified":"2024-08-24T06:25:31+00:00","breadcrumb":{"@id":"https:\/\/vincenzodellavecchia.it\/pillole-astronomiche\/schroeter-e-le-montagne-di-venere\/#breadcrumb"},"inLanguage":"en-US","potentialAction":[{"@type":"ReadAction","target":["https:\/\/vincenzodellavecchia.it\/pillole-astronomiche\/schroeter-e-le-montagne-di-venere\/"]}]},{"@type":"BreadcrumbList","@id":"https:\/\/vincenzodellavecchia.it\/pillole-astronomiche\/schroeter-e-le-montagne-di-venere\/#breadcrumb","itemListElement":[{"@type":"ListItem","position":1,"name":"Home","item":"https:\/\/vincenzodellavecchia.it\/"},{"@type":"ListItem","position":2,"name":"Pillole astronomiche","item":"https:\/\/vincenzodellavecchia.it\/pillole-astronomiche\/"},{"@type":"ListItem","position":3,"name":"Schr\u00f6eter e le montagne di Venere"}]},{"@type":"WebSite","@id":"https:\/\/vincenzodellavecchia.it\/#website","url":"https:\/\/vincenzodellavecchia.it\/","name":"Vincenzo della Vecchia","description":"","publisher":{"@id":"https:\/\/vincenzodellavecchia.it\/#\/schema\/person\/27f35cf670d99558a8b45c9d7d5629c8"},"potentialAction":[{"@type":"SearchAction","target":{"@type":"EntryPoint","urlTemplate":"https:\/\/vincenzodellavecchia.it\/?s={search_term_string}"},"query-input":"required name=search_term_string"}],"inLanguage":"en-US"},{"@type":["Person","Organization"],"@id":"https:\/\/vincenzodellavecchia.it\/#\/schema\/person\/27f35cf670d99558a8b45c9d7d5629c8","name":"vdellavecchia","image":{"@type":"ImageObject","inLanguage":"en-US","@id":"https:\/\/vincenzodellavecchia.it\/#\/schema\/person\/image\/","url":"https:\/\/secure.gravatar.com\/avatar\/a563fd84f36e2122ef7f0be2d8033d6c3f4ea87d4895960322b9d77bb0a34a97?s=96&d=mm&r=g","contentUrl":"https:\/\/secure.gravatar.com\/avatar\/a563fd84f36e2122ef7f0be2d8033d6c3f4ea87d4895960322b9d77bb0a34a97?s=96&d=mm&r=g","caption":"vdellavecchia"},"logo":{"@id":"https:\/\/vincenzodellavecchia.it\/#\/schema\/person\/image\/"}}]}},"_links":{"self":[{"href":"https:\/\/vincenzodellavecchia.it\/en_us\/wp-json\/wp\/v2\/pages\/4154","targetHints":{"allow":["GET"]}}],"collection":[{"href":"https:\/\/vincenzodellavecchia.it\/en_us\/wp-json\/wp\/v2\/pages"}],"about":[{"href":"https:\/\/vincenzodellavecchia.it\/en_us\/wp-json\/wp\/v2\/types\/page"}],"author":[{"embeddable":true,"href":"https:\/\/vincenzodellavecchia.it\/en_us\/wp-json\/wp\/v2\/users\/2"}],"replies":[{"embeddable":true,"href":"https:\/\/vincenzodellavecchia.it\/en_us\/wp-json\/wp\/v2\/comments?post=4154"}],"version-history":[{"count":17,"href":"https:\/\/vincenzodellavecchia.it\/en_us\/wp-json\/wp\/v2\/pages\/4154\/revisions"}],"predecessor-version":[{"id":4191,"href":"https:\/\/vincenzodellavecchia.it\/en_us\/wp-json\/wp\/v2\/pages\/4154\/revisions\/4191"}],"up":[{"embeddable":true,"href":"https:\/\/vincenzodellavecchia.it\/en_us\/wp-json\/wp\/v2\/pages\/1347"}],"wp:attachment":[{"href":"https:\/\/vincenzodellavecchia.it\/en_us\/wp-json\/wp\/v2\/media?parent=4154"}],"curies":[{"name":"wp","href":"https:\/\/api.w.org\/{rel}","templated":true}]}}